{"id":93697,"date":"2025-11-28T09:28:02","date_gmt":"2025-11-28T07:28:02","guid":{"rendered":"https:\/\/mobecor.ee\/?post_type=product&#038;p=93697"},"modified":"2026-04-13T14:44:51","modified_gmt":"2026-04-13T11:44:51","slug":"nurgakapp-kammono-f-dprp-115-65","status":"publish","type":"product","link":"https:\/\/mobecor.ee\/en\/toode\/nurgakapp-kammono-f-dprp-115-65\/","title":{"rendered":"Nurgakapp Kammono F DPRP 115\/65"},"content":{"rendered":"<p><span style=\"font-size: 14px;\">1-uksega nurgakapp (&#8220;pime nurk&#8221;).<br \/>\n<\/span><span style=\"font-size: 14px;\">Saadaval 7 erinevat uksedekoori: F4; ; F6; F7; F8; F10; F11; FG2.<br \/>\nEsipaneelid on valmistatud PVC kattega MDF-ist. Esipaneelide paksus on 18 mm (F4; F6; F7; F8; F10; F11) v\u00f5i 19 mm (FG2).<br \/>\n<\/span><span style=\"font-size: 14px;\">Esipaneelide v\u00e4rvivalik: valge; fiord; grafiit F; granaat; heban F; karamel; kaszmir F; kivihall; m\u00e4nd andersen; morela; morski; p\u00e4hkel F; portselan B; salvei; tamm arlington F.<br \/>\nKorpus: m\u00f6\u00f6bliplaadist (16 mm).<br \/>\n<\/span><span lang=\"et-EE\" style=\"font-size: 14px;\">Korpuse v\u00e4rvivalik: valge; hall; kaszmir B (bee\u017e); cappuccino; must.<br \/>\n<\/span><span lang=\"et-EE\" style=\"font-size: 14px;\">K\u00e4epidemed: metallist.<br \/>\n<\/span><span lang=\"et-EE\" style=\"font-size: 14px;\"><span style=\"text-decoration: underline;\">NB! F11 profiiliga ustele ei sobi k\u00f5ik k\u00e4epidemed &#8211; pildil on t\u00e4his juures.<br \/>\n<\/span><\/span><span style=\"font-size: 14px;\">Toodetud: Poolas.<br \/>\n<\/span><span style=\"font-size: 14px;\">Toode tarnitakse detailidena.<\/span><\/p>\n","protected":false},"excerpt":{"rendered":"<p>K\u00f5rgus: 71 cm (ilma jalgadeta).<br \/>\nS\u00fcgavus: (58) 65 cm.<br \/>\nLaius: (90) 115 cm.<br \/>\nTarneaeg: 4-8 n\u00e4dalat.<\/p>\n<p>Lisavalikuna v\u00f5imalik juurde osta v\u00e4lja t\u00f5mmatav riiul Optima.\u00a0Komplektis on kaks iseseisvalt v\u00e4ljat\u00f5mmatavat riiulit:<br \/>\n* riiulip\u00f5hjad 16 mm valgest MDF plaadist,<br \/>\n* raam ja k\u00fcljed kroomitud metallist,<br \/>\n* kinnitatakse kapi k\u00fcljele,<br \/>\n*\u00a0m\u00f5lemat riiulit saab iseseisvalt v\u00e4lja t\u00f5mmata,<br \/>\n* koormus riiuli kohta: 15 kg,<br \/>\nRiiuli\u00a0disain on planeeritud nii, et see t\u00e4idaks v\u00f5imalikult suurel m\u00e4\u00e4ral kapi t\u00fchja ruumi, mis v\u00f5imaldab nurga sisemust maksimaalselt kasutada.<br \/>\nOptima riiulid sobivad k\u00f5ige paremini pottide, pannide v\u00f5i suurte k\u00f6\u00f6gitarvete hoidmiseks.<\/p>\n","protected":false},"featured_media":12730,"template":"","meta":{"_acf_changed":false,"inline_featured_image":false},"series":[],"product_brand":[2952],"product_cat":[410],"product_tag":[],"class_list":{"0":"post-93697","1":"product","2":"type-product","3":"status-publish","4":"has-post-thumbnail","6":"product_brand-meblekam","7":"product_cat-kammono-f-porandakapid","9":"first","10":"instock","11":"taxable","12":"shipping-taxable","13":"purchasable","14":"product-type-variable","15":"has-default-attributes"},"acf":[],"_links":{"self":[{"href":"https:\/\/mobecor.ee\/en\/wp-json\/wp\/v2\/product\/93697","targetHints":{"allow":["GET"]}}],"collection":[{"href":"https:\/\/mobecor.ee\/en\/wp-json\/wp\/v2\/product"}],"about":[{"href":"https:\/\/mobecor.ee\/en\/wp-json\/wp\/v2\/types\/product"}],"wp:featuredmedia":[{"embeddable":true,"href":"https:\/\/mobecor.ee\/en\/wp-json\/wp\/v2\/media\/12730"}],"wp:attachment":[{"href":"https:\/\/mobecor.ee\/en\/wp-json\/wp\/v2\/media?parent=93697"}],"wp:term":[{"taxonomy":"series","embeddable":true,"href":"https:\/\/mobecor.ee\/en\/wp-json\/wp\/v2\/series?post=93697"},{"taxonomy":"product_brand","embeddable":true,"href":"https:\/\/mobecor.ee\/en\/wp-json\/wp\/v2\/product_brand?post=93697"},{"taxonomy":"product_cat","embeddable":true,"href":"https:\/\/mobecor.ee\/en\/wp-json\/wp\/v2\/product_cat?post=93697"},{"taxonomy":"product_tag","embeddable":true,"href":"https:\/\/mobecor.ee\/en\/wp-json\/wp\/v2\/product_tag?post=93697"}],"curies":[{"name":"wp","href":"https:\/\/api.w.org\/{rel}","templated":true}]}}