{"id":94495,"date":"2025-11-28T12:20:31","date_gmt":"2025-11-28T10:20:31","guid":{"rendered":"https:\/\/mobecor.ee\/?post_type=product&#038;p=94495"},"modified":"2026-04-14T10:04:45","modified_gmt":"2026-04-14T07:04:45","slug":"cargokapp-kammono-f-bdc20-sugav","status":"publish","type":"product","link":"https:\/\/mobecor.ee\/en\/toode\/cargokapp-kammono-f-bdc20-sugav\/","title":{"rendered":"Cargokapp Kammono F BDC20 (s\u00fcgav)"},"content":{"rendered":"<p><span style=\"font-size: 14px;\">Kapp koos cargoriiuliga.<br \/>\nSaadaval 7 erinevat uksedekoori: F4; ; F6; F7; F8; F10; F11; FG2.<br \/>\nEsipaneelid on valmistatud PVC kattega MDF-ist. Esipaneelide paksus on 18 mm (F4; F6; F7; F8; F10; F11) v\u00f5i 19 mm (FG2).<br \/>\n<\/span><span style=\"font-size: 14px;\">Esipaneelide v\u00e4rvivalik: valge; fiord; grafiit F; granaat; heban F; karamel; kaszmir F; kivihall; m\u00e4nd andersen; morela; morski; p\u00e4hkel F; portselan B;\u00a0 salvei; tamm arlington F.<br \/>\nKorpus: m\u00f6\u00f6bliplaadist (16 mm).<br \/>\n<\/span><span lang=\"et-EE\" style=\"font-size: 14px;\">Korpuse v\u00e4rvivalik: valge; hall; kaszmir B (bee\u017e); cappuccino; must.<br \/>\n<\/span><span lang=\"et-EE\" style=\"font-size: 14px;\">K\u00e4epidemed: metallist.<br \/>\n<\/span><span lang=\"et-EE\" style=\"font-size: 14px;\"><span style=\"text-decoration: underline;\">NB! F11 profiiliga ustele ei sobi k\u00f5ik k\u00e4epidemed &#8211; pildil on t\u00e4his juures.<br \/>\n<\/span><\/span><span style=\"font-size: 14px;\">Toodetud: Poolas.<br \/>\n<\/span><span style=\"font-size: 14px;\">Toode tarnitakse detailidena.<\/span><\/p>\n","protected":false},"excerpt":{"rendered":"<p>K\u00f5rgus: 71 cm (ilma jalgadeta).<br \/>\nS\u00fcgavus: 58 cm.<br \/>\nLaius: 20 cm.<br \/>\nTarneaeg: 4-8 n\u00e4dalat.<\/p>\n","protected":false},"featured_media":12568,"template":"","meta":{"_acf_changed":false,"inline_featured_image":false},"series":[],"product_brand":[2952],"product_cat":[432],"product_tag":[],"class_list":{"0":"post-94495","1":"product","2":"type-product","3":"status-publish","4":"has-post-thumbnail","6":"product_brand-meblekam","7":"product_cat-kammono-f-porandakapid-sygavad","9":"first","10":"instock","11":"taxable","12":"shipping-taxable","13":"purchasable","14":"product-type-variable"},"acf":[],"_links":{"self":[{"href":"https:\/\/mobecor.ee\/en\/wp-json\/wp\/v2\/product\/94495","targetHints":{"allow":["GET"]}}],"collection":[{"href":"https:\/\/mobecor.ee\/en\/wp-json\/wp\/v2\/product"}],"about":[{"href":"https:\/\/mobecor.ee\/en\/wp-json\/wp\/v2\/types\/product"}],"wp:featuredmedia":[{"embeddable":true,"href":"https:\/\/mobecor.ee\/en\/wp-json\/wp\/v2\/media\/12568"}],"wp:attachment":[{"href":"https:\/\/mobecor.ee\/en\/wp-json\/wp\/v2\/media?parent=94495"}],"wp:term":[{"taxonomy":"series","embeddable":true,"href":"https:\/\/mobecor.ee\/en\/wp-json\/wp\/v2\/series?post=94495"},{"taxonomy":"product_brand","embeddable":true,"href":"https:\/\/mobecor.ee\/en\/wp-json\/wp\/v2\/product_brand?post=94495"},{"taxonomy":"product_cat","embeddable":true,"href":"https:\/\/mobecor.ee\/en\/wp-json\/wp\/v2\/product_cat?post=94495"},{"taxonomy":"product_tag","embeddable":true,"href":"https:\/\/mobecor.ee\/en\/wp-json\/wp\/v2\/product_tag?post=94495"}],"curies":[{"name":"wp","href":"https:\/\/api.w.org\/{rel}","templated":true}]}}