{"id":95117,"date":"2025-12-01T09:53:10","date_gmt":"2025-12-01T07:53:10","guid":{"rendered":"https:\/\/mobecor.ee\/?post_type=product&#038;p=95117"},"modified":"2026-04-07T12:40:26","modified_gmt":"2026-04-07T09:40:26","slug":"porandakapp-nurgakapp-lora-dnpk-vasak","status":"publish","type":"product","link":"https:\/\/mobecor.ee\/en\/toode\/porandakapp-nurgakapp-lora-dnpk-vasak\/","title":{"rendered":"P\u00f5randakapp\/nurgakapp Lora DNPK (vasakule avanev)"},"content":{"rendered":"<p><span lang=\"et-EE\" style=\"font-size: 14px;\">1-uksega nurgakapp.<br \/>\n<\/span><span lang=\"et-EE\" style=\"font-size: 14px;\">Esipind: matt, 16 mm paksune lamineeritud, freesitud MDF-plaadist.<br \/>\n<\/span><span lang=\"et-EE\" style=\"font-size: 14px;\"><strong>Esipindade v\u00e4rvivalik:<\/strong> valge; oliiv; tumeroheline; bee\u017e; hall; kaszmir.<br \/>\n<\/span><span lang=\"et-EE\" style=\"font-size: 14px;\">Korpus: 16 mm paksune lamineeritud plaat.<br \/>\n<\/span><span lang=\"et-EE\" style=\"font-size: 14px;\"><strong>Korpuse v\u00e4rvivalik:<\/strong> valge; helehall; hall; must; kaszmir.<br \/>\n<\/span><span lang=\"et-EE\" style=\"font-size: 14px;\">Hinged: Lora sarja kapid on varustatud vaikselt sulguva mehhanismiga hingedega.<br \/>\n<\/span><span style=\"font-size: 14px;\">K\u00e4epidemed: stiilne metallist k\u00e4epide v\u00f5i nupp, must v\u00f5i kuldne.<br \/>\n<\/span><span lang=\"et-EE\" style=\"font-size: 14px;\"><span lang=\"et-EE\">Jalad: reguleeritavad. K\u00f5rgusega 10 cm v\u00f5i 15 cm.<br \/>\nSokkel ei kuulu hinna sisse. V\u00f5imalik juurde tellida\u00a0<a href=\"https:\/\/mobecor.ee\/toode\/sokkel-lora-200-cm\/\" target=\"_blank\" rel=\"noopener\">sokkel Lora 200 cm<\/a>\u00a0v\u00f5i\u00a0<a href=\"https:\/\/mobecor.ee\/toode\/kuljesokkel-lora\/\" target=\"_blank\" rel=\"noopener\">k\u00fcljesokkel Lora.<\/a><br \/>\n<\/span><\/span><span style=\"font-size: 14px;\">Toodetud: Poolas.<br \/>\n<\/span><span style=\"font-size: 14px;\">Kapp\u00a0tarnitakse detailidena.<\/span><\/p>\n","protected":false},"excerpt":{"rendered":"<p><span style=\"font-size: 14px;\">Laius: 66\/86 cm. Koos t\u00f6\u00f6pinnaga 70\/90 cm.<br \/>\nS\u00fcgavus koos esipinnaga: 54 cm.<br \/>\nK\u00f5rgus ilma jalgadeta: 72 cm.<br \/>\nTarneaeg: 4-8 n\u00e4dalat.<\/span><\/p>\n","protected":false},"featured_media":85546,"template":"","meta":{"_acf_changed":false,"inline_featured_image":false},"series":[],"product_brand":[2953],"product_cat":[346],"product_tag":[],"class_list":{"0":"post-95117","1":"product","2":"type-product","3":"status-publish","4":"has-post-thumbnail","6":"product_brand-layman","7":"product_cat-lora-porandakapid","9":"first","10":"instock","11":"taxable","12":"shipping-taxable","13":"purchasable","14":"product-type-simple"},"acf":[],"_links":{"self":[{"href":"https:\/\/mobecor.ee\/en\/wp-json\/wp\/v2\/product\/95117","targetHints":{"allow":["GET"]}}],"collection":[{"href":"https:\/\/mobecor.ee\/en\/wp-json\/wp\/v2\/product"}],"about":[{"href":"https:\/\/mobecor.ee\/en\/wp-json\/wp\/v2\/types\/product"}],"wp:featuredmedia":[{"embeddable":true,"href":"https:\/\/mobecor.ee\/en\/wp-json\/wp\/v2\/media\/85546"}],"wp:attachment":[{"href":"https:\/\/mobecor.ee\/en\/wp-json\/wp\/v2\/media?parent=95117"}],"wp:term":[{"taxonomy":"series","embeddable":true,"href":"https:\/\/mobecor.ee\/en\/wp-json\/wp\/v2\/series?post=95117"},{"taxonomy":"product_brand","embeddable":true,"href":"https:\/\/mobecor.ee\/en\/wp-json\/wp\/v2\/product_brand?post=95117"},{"taxonomy":"product_cat","embeddable":true,"href":"https:\/\/mobecor.ee\/en\/wp-json\/wp\/v2\/product_cat?post=95117"},{"taxonomy":"product_tag","embeddable":true,"href":"https:\/\/mobecor.ee\/en\/wp-json\/wp\/v2\/product_tag?post=95117"}],"curies":[{"name":"wp","href":"https:\/\/api.w.org\/{rel}","templated":true}]}}