{"id":95191,"date":"2025-12-01T11:03:29","date_gmt":"2025-12-01T09:03:29","guid":{"rendered":"https:\/\/mobecor.ee\/?post_type=product&#038;p=95191"},"modified":"2026-04-07T12:46:11","modified_gmt":"2026-04-07T09:46:11","slug":"porandakapp-saarekapp-lora-dppw-105-65","status":"publish","type":"product","link":"https:\/\/mobecor.ee\/en\/toode\/porandakapp-saarekapp-lora-dppw-105-65\/","title":{"rendered":"P\u00f5randakapp\/saarekapp Lora DPPW 105\/65"},"content":{"rendered":"<p><span lang=\"et-EE\" style=\"font-size: 14px;\">Kapp on m\u00f5eldud k\u00f6\u00f6gisaare kapiks (nurgakapiks).<br \/>\nKapil on t\u00e4iendav esik\u00fclg (ilma k\u00e4epidemeta), mis asub taga, paigaldatud p\u00fcsiva elemendina.<br \/>\nKapil on 1 uks. Ukse avanemise poolt saab valida kokkumonteerimise k\u00e4igus (paremale v\u00f5i vasakule)<br \/>\n<\/span><span lang=\"et-EE\" style=\"font-size: 14px;\">Esipind: matt, 16 mm paksune lamineeritud, freesitud MDF-plaadist.<br \/>\n<\/span><span lang=\"et-EE\" style=\"font-size: 14px;\"><strong>Esipindade v\u00e4rvivalik:<\/strong> valge; oliiv; tumeroheline; bee\u017e; hall; kaszmir.<br \/>\n<\/span><span lang=\"et-EE\" style=\"font-size: 14px;\">Korpus: 16 mm paksune lamineeritud plaat.<br \/>\n<\/span><span lang=\"et-EE\" style=\"font-size: 14px;\"><strong>Korpuse v\u00e4rvivalik:<\/strong> valge; helehall; hall; must; kaszmir.<br \/>\n<\/span><span lang=\"et-EE\" style=\"font-size: 14px;\">Hinged: Lora sarja kapid on varustatud vaikselt sulguva mehhanismiga hingedega.<br \/>\n<\/span><span style=\"font-size: 14px;\">K\u00e4epidemed: stiilne metallist k\u00e4epide v\u00f5i nupp, must v\u00f5i kuldne.<br \/>\n<\/span><span lang=\"et-EE\" style=\"font-size: 14px;\"><span lang=\"et-EE\">Jalad: reguleeritavad. K\u00f5rgusega 10 cm v\u00f5i 15 cm.<br \/>\nSokkel ei kuulu hinna sisse. V\u00f5imalik juurde tellida\u00a0<a href=\"https:\/\/mobecor.ee\/toode\/sokkel-lora-200-cm\/\" target=\"_blank\" rel=\"noopener\">sokkel Lora 200 cm<\/a>\u00a0v\u00f5i\u00a0<a href=\"https:\/\/mobecor.ee\/toode\/kuljesokkel-lora\/\" target=\"_blank\" rel=\"noopener\">k\u00fcljesokkel Lora.<\/a><br \/>\n<\/span><\/span><span style=\"font-size: 14px;\">Toodetud: Poolas.<br \/>\n<\/span><span style=\"font-size: 14px;\">Kapp\u00a0tarnitakse detailidena.<\/span><\/p>\n","protected":false},"excerpt":{"rendered":"<p><span style=\"font-size: 14px;\">Laius: 85\/koos t\u00f6\u00f6pinnaga 105 cm.<br \/>\nS\u00fcgavus: 56 cm (koos kahe esipinnaga).<br \/>\n<\/span><span style=\"font-size: 14px;\">K\u00f5rgus ilma\u00a0jalgadeta:\u00a072\u00a0cm.<br \/>\n<\/span><span style=\"font-size: 14px;\">Tarneaeg: 4-8 n\u00e4dalat.<\/span><\/p>\n","protected":false},"featured_media":15134,"template":"","meta":{"_acf_changed":false,"inline_featured_image":false},"series":[],"product_brand":[2953],"product_cat":[346],"product_tag":[],"class_list":{"0":"post-95191","1":"product","2":"type-product","3":"status-publish","4":"has-post-thumbnail","6":"product_brand-layman","7":"product_cat-lora-porandakapid","9":"first","10":"instock","11":"taxable","12":"shipping-taxable","13":"purchasable","14":"product-type-simple"},"acf":[],"_links":{"self":[{"href":"https:\/\/mobecor.ee\/en\/wp-json\/wp\/v2\/product\/95191","targetHints":{"allow":["GET"]}}],"collection":[{"href":"https:\/\/mobecor.ee\/en\/wp-json\/wp\/v2\/product"}],"about":[{"href":"https:\/\/mobecor.ee\/en\/wp-json\/wp\/v2\/types\/product"}],"wp:featuredmedia":[{"embeddable":true,"href":"https:\/\/mobecor.ee\/en\/wp-json\/wp\/v2\/media\/15134"}],"wp:attachment":[{"href":"https:\/\/mobecor.ee\/en\/wp-json\/wp\/v2\/media?parent=95191"}],"wp:term":[{"taxonomy":"series","embeddable":true,"href":"https:\/\/mobecor.ee\/en\/wp-json\/wp\/v2\/series?post=95191"},{"taxonomy":"product_brand","embeddable":true,"href":"https:\/\/mobecor.ee\/en\/wp-json\/wp\/v2\/product_brand?post=95191"},{"taxonomy":"product_cat","embeddable":true,"href":"https:\/\/mobecor.ee\/en\/wp-json\/wp\/v2\/product_cat?post=95191"},{"taxonomy":"product_tag","embeddable":true,"href":"https:\/\/mobecor.ee\/en\/wp-json\/wp\/v2\/product_tag?post=95191"}],"curies":[{"name":"wp","href":"https:\/\/api.w.org\/{rel}","templated":true}]}}