{"id":95221,"date":"2025-12-01T11:37:32","date_gmt":"2025-12-01T09:37:32","guid":{"rendered":"https:\/\/mobecor.ee\/?post_type=product&#038;p=95221"},"modified":"2026-04-13T18:50:31","modified_gmt":"2026-04-13T15:50:31","slug":"kapp-kammono-f-nwd45-1-61-1181-cm","status":"publish","type":"product","link":"https:\/\/mobecor.ee\/en\/toode\/kapp-kammono-f-nwd45-1-61-1181-cm\/","title":{"rendered":"Kapp Kammono F NWD45.1\/61 (118,1 cm)"},"content":{"rendered":"<p>Kapil on 1 uks. Ukse taga on riiulid.<br \/>\nUks on vaikselt sulguv.<br \/>\nKapp kinnitatakse seinale. Kapp sobib n\u00f5udepesumasina v\u00f5i pesumasina kohale.<br \/>\nSaadaval 7 erinevat uksedekoori: F4; ; F6; F7; F8; F10; F11; FG2.<br \/>\nEsipaneelid on valmistatud PVC kattega MDF-ist. Esipaneelide paksus on 18 mm (F4; F6; F7; F8; F10; F11) v\u00f5i 19 mm (FG2).<br \/>\nEsipaneelide v\u00e4rvivalik: valge; fiord; grafiit F; granaat; heban F; karamel; kaszmir F; kivihall; m\u00e4nd andersen; morela; morski; p\u00e4hkel F; portselan B; salvei; tamm arlington F.<br \/>\nKorpus: m\u00f6\u00f6bliplaadist (16 mm).<br \/>\n<span lang=\"et-EE\">Korpuse v\u00e4rvivalik: valge; hall; kaszmir B (bee\u017e); cappuccino; must.<br \/>\n<\/span>Kapil on reguleeritavad jalad. Valikus k\u00f5rgusega 10 v\u00f5i 15 cm.<br \/>\n<span lang=\"et-EE\">Sokkel ei kuulu hinna sisse. V\u00f5imalik juurde tellida\u00a0<a href=\"https:\/\/mobecor.ee\/toode\/sokkel-kammono\/\" target=\"_blank\" rel=\"noopener\">SIIT<\/a>\u00a0v\u00f5i k\u00fcljesokkel\u00a0<a href=\"https:\/\/mobecor.ee\/toode\/kuljesokkel-kammono\/\" target=\"_blank\" rel=\"noopener\">SIIT<\/a>.<br \/>\n<\/span><span lang=\"et-EE\">K\u00e4epidemed: metallist.<br \/>\n<\/span><span lang=\"et-EE\">NB! F11 profiiliga ustele ei sobi k\u00f5ik k\u00e4epidemed &#8211; pildil on t\u00e4his juures.<br \/>\n<\/span>Toodetud: Poolas.<br \/>\nToode tarnitakse detailidena.<\/p>\n","protected":false},"excerpt":{"rendered":"<p>Laius: 45 cm.<br \/>\nS\u00fcgavus: 58 cm.<br \/>\nK\u00f5rgus: 118,1.<br \/>\nTarneaeg: 4-8 n\u00e4dalat.<\/p>\n","protected":false},"featured_media":14250,"template":"","meta":{"_acf_changed":false,"inline_featured_image":false},"series":[],"product_brand":[2952],"product_cat":[315],"product_tag":[],"class_list":{"0":"post-95221","1":"product","2":"type-product","3":"status-publish","4":"has-post-thumbnail","6":"product_brand-meblekam","7":"product_cat-kammono-f-seinakapid","9":"first","10":"instock","11":"taxable","12":"shipping-taxable","13":"purchasable","14":"product-type-variable"},"acf":[],"_links":{"self":[{"href":"https:\/\/mobecor.ee\/en\/wp-json\/wp\/v2\/product\/95221","targetHints":{"allow":["GET"]}}],"collection":[{"href":"https:\/\/mobecor.ee\/en\/wp-json\/wp\/v2\/product"}],"about":[{"href":"https:\/\/mobecor.ee\/en\/wp-json\/wp\/v2\/types\/product"}],"wp:featuredmedia":[{"embeddable":true,"href":"https:\/\/mobecor.ee\/en\/wp-json\/wp\/v2\/media\/14250"}],"wp:attachment":[{"href":"https:\/\/mobecor.ee\/en\/wp-json\/wp\/v2\/media?parent=95221"}],"wp:term":[{"taxonomy":"series","embeddable":true,"href":"https:\/\/mobecor.ee\/en\/wp-json\/wp\/v2\/series?post=95221"},{"taxonomy":"product_brand","embeddable":true,"href":"https:\/\/mobecor.ee\/en\/wp-json\/wp\/v2\/product_brand?post=95221"},{"taxonomy":"product_cat","embeddable":true,"href":"https:\/\/mobecor.ee\/en\/wp-json\/wp\/v2\/product_cat?post=95221"},{"taxonomy":"product_tag","embeddable":true,"href":"https:\/\/mobecor.ee\/en\/wp-json\/wp\/v2\/product_tag?post=95221"}],"curies":[{"name":"wp","href":"https:\/\/api.w.org\/{rel}","templated":true}]}}