{"id":95277,"date":"2025-12-01T12:21:17","date_gmt":"2025-12-01T10:21:17","guid":{"rendered":"https:\/\/mobecor.ee\/?post_type=product&#038;p=95277"},"modified":"2026-04-07T13:24:02","modified_gmt":"2026-04-07T10:24:02","slug":"seinakapp-lora-w4-94","status":"publish","type":"product","link":"https:\/\/mobecor.ee\/en\/toode\/seinakapp-lora-w4-94\/","title":{"rendered":"Seinakapp Lora W4\/94 (40)"},"content":{"rendered":"<p><span lang=\"et-EE\" style=\"font-size: 14px;\">1-uksega seinakapp.<br \/>\n<\/span><span lang=\"et-EE\" style=\"font-size: 14px;\">Esipind: matt, 16 mm paksune lamineeritud, freesitud MDF-plaadist.<br \/>\n<\/span><span lang=\"et-EE\" style=\"font-size: 14px;\"><strong>Esipindade v\u00e4rvivalik:<\/strong> valge; oliiv; tumeroheline; bee\u017e; hall; kaszmir.<br \/>\n<\/span><span lang=\"et-EE\" style=\"font-size: 14px;\">Korpus: 16 mm paksune lamineeritud plaat.<br \/>\n<\/span><span lang=\"et-EE\" style=\"font-size: 14px;\"><strong>Korpuse v\u00e4rvivalik:<\/strong> valge; helehall; hall; must; kaszmir.<br \/>\n<\/span><span lang=\"et-EE\" style=\"font-size: 14px;\">Hinged: Lora sarja kapid on varustatud vaikselt sulguva mehhanismiga hingedega.<br \/>\n<\/span><span style=\"font-size: 14px;\">K\u00e4epidemed: stiilne metallist k\u00e4epide v\u00f5i nupp, must v\u00f5i kuldne.<br \/>\n<\/span><span style=\"font-size: 14px;\">Toodetud: Poolas.<br \/>\n<\/span><span style=\"font-size: 14px;\">Kapp\u00a0tarnitakse detailidena.<\/span><\/p>\n","protected":false},"excerpt":{"rendered":"<p><span style=\"font-size: 14px;\">Laius: 40 cm.<br \/>\nS\u00fcgavus koos esipinnaga: 32 cm.<br \/>\n<\/span><span style=\"font-size: 14px;\">K\u00f5rgus: 94 cm.<br \/>\n<\/span><span style=\"font-size: 14px;\">Tarneaeg: 4-8 n\u00e4dalat.<\/span><\/p>\n","protected":false},"featured_media":15050,"template":"","meta":{"_acf_changed":false,"inline_featured_image":false},"series":[],"product_brand":[2953],"product_cat":[314],"product_tag":[],"class_list":{"0":"post-95277","1":"product","2":"type-product","3":"status-publish","4":"has-post-thumbnail","6":"product_brand-layman","7":"product_cat-lora-seinakapid","9":"first","10":"instock","11":"taxable","12":"shipping-taxable","13":"purchasable","14":"product-type-simple"},"acf":[],"_links":{"self":[{"href":"https:\/\/mobecor.ee\/en\/wp-json\/wp\/v2\/product\/95277","targetHints":{"allow":["GET"]}}],"collection":[{"href":"https:\/\/mobecor.ee\/en\/wp-json\/wp\/v2\/product"}],"about":[{"href":"https:\/\/mobecor.ee\/en\/wp-json\/wp\/v2\/types\/product"}],"wp:featuredmedia":[{"embeddable":true,"href":"https:\/\/mobecor.ee\/en\/wp-json\/wp\/v2\/media\/15050"}],"wp:attachment":[{"href":"https:\/\/mobecor.ee\/en\/wp-json\/wp\/v2\/media?parent=95277"}],"wp:term":[{"taxonomy":"series","embeddable":true,"href":"https:\/\/mobecor.ee\/en\/wp-json\/wp\/v2\/series?post=95277"},{"taxonomy":"product_brand","embeddable":true,"href":"https:\/\/mobecor.ee\/en\/wp-json\/wp\/v2\/product_brand?post=95277"},{"taxonomy":"product_cat","embeddable":true,"href":"https:\/\/mobecor.ee\/en\/wp-json\/wp\/v2\/product_cat?post=95277"},{"taxonomy":"product_tag","embeddable":true,"href":"https:\/\/mobecor.ee\/en\/wp-json\/wp\/v2\/product_tag?post=95277"}],"curies":[{"name":"wp","href":"https:\/\/api.w.org\/{rel}","templated":true}]}}