{"id":95550,"date":"2025-12-01T15:40:11","date_gmt":"2025-12-01T13:40:11","guid":{"rendered":"https:\/\/mobecor.ee\/?post_type=product&#038;p=95550"},"modified":"2026-04-07T13:01:53","modified_gmt":"2026-04-07T10:01:53","slug":"korge-kapp-lora-spm6-2-2037","status":"publish","type":"product","link":"https:\/\/mobecor.ee\/en\/toode\/korge-kapp-lora-spm6-2-2037\/","title":{"rendered":"K\u00f5rge kapp Lora SPM 6\/2\/203,7 Starmotion"},"content":{"rendered":"<p><span lang=\"et-EE\" style=\"font-size: 14px;\">Kapil on 1 uks (avaneb \u00fcles), koht integreeritava ahju ja mikrolaineahju jaoks ning 2 sahtlit.<br \/>\nSahtlid on vaikselt sulguvad (Soft Close s\u00fcsteemiga).<br \/>\nAhju esiosa maksimaalne k\u00f5rgus on 59,6 cm.<br \/>\nMikrolaineahju esiosa maksimaalne k\u00f5rgus on 39 cm.<br \/>\n<\/span><span lang=\"et-EE\" style=\"font-size: 14px;\">Esipind: matt, 16 mm paksune lamineeritud, freesitud MDF-plaadist.<br \/>\n<\/span><span lang=\"et-EE\" style=\"font-size: 14px;\"><strong>Esipindade v\u00e4rvivalik:<\/strong> valge; oliiv; tumeroheline; bee\u017e; hall; kaszmir.<br \/>\n<\/span><span lang=\"et-EE\" style=\"font-size: 14px;\">Korpus: 16 mm paksune lamineeritud plaat.<br \/>\n<\/span><span lang=\"et-EE\" style=\"font-size: 14px;\"><strong>Korpuse v\u00e4rvivalik:<\/strong> valge; helehall; hall; must; kaszmir.<br \/>\n<\/span><span lang=\"et-EE\" style=\"font-size: 14px;\">Hinged: Lora sarja kapid on varustatud vaikselt sulguva mehhanismiga hingedega.<br \/>\n<\/span><span style=\"font-size: 14px;\">K\u00e4epidemed: stiilne metallist k\u00e4epide v\u00f5i nupp, must v\u00f5i kuldne.<br \/>\n<\/span><span lang=\"et-EE\" style=\"font-size: 14px;\"><span lang=\"et-EE\">Jalad: reguleeritavad. K\u00f5rgusega 10 cm v\u00f5i 15 cm.<br \/>\nSokkel ei kuulu hinna sisse. V\u00f5imalik juurde tellida\u00a0<a href=\"https:\/\/mobecor.ee\/toode\/sokkel-lora-200-cm\/\" target=\"_blank\" rel=\"noopener\">sokkel Lora 200 cm<\/a>\u00a0v\u00f5i\u00a0<a href=\"https:\/\/mobecor.ee\/toode\/kuljesokkel-lora\/\" target=\"_blank\" rel=\"noopener\">k\u00fcljesokkel Lora.<\/a><br \/>\n<\/span><\/span><span style=\"font-size: 14px;\">Toodetud: Poolas.<br \/>\n<\/span><span style=\"font-size: 14px;\">Kapp\u00a0tarnitakse detailidena.<\/span><\/p>\n","protected":false},"excerpt":{"rendered":"<p><span lang=\"et-EE\" style=\"font-size: 14px;\">Laius: 60 cm.<br \/>\nS\u00fcgavus koos esipinnaga: 58 cm.<br \/>\nK\u00f5rgus ilma jalgadeta:\u00a0203,7 cm.<br \/>\n* K\u00f5rgus koos 10 cm jalgadega: 213,7 cm.<br \/>\n* K\u00f5rgus Koos 15 cm jalgadega: 218,7 cm.<br \/>\nTarneaeg: 4-8 n\u00e4dalat.<\/span><\/p>\n","protected":false},"featured_media":15082,"template":"","meta":{"_acf_changed":false,"inline_featured_image":false},"series":[],"product_brand":[2953],"product_cat":[397],"product_tag":[],"class_list":{"0":"post-95550","1":"product","2":"type-product","3":"status-publish","4":"has-post-thumbnail","6":"product_brand-layman","7":"product_cat-lora-korged-kapid","9":"first","10":"instock","11":"taxable","12":"shipping-taxable","13":"purchasable","14":"product-type-simple"},"acf":[],"_links":{"self":[{"href":"https:\/\/mobecor.ee\/en\/wp-json\/wp\/v2\/product\/95550","targetHints":{"allow":["GET"]}}],"collection":[{"href":"https:\/\/mobecor.ee\/en\/wp-json\/wp\/v2\/product"}],"about":[{"href":"https:\/\/mobecor.ee\/en\/wp-json\/wp\/v2\/types\/product"}],"wp:featuredmedia":[{"embeddable":true,"href":"https:\/\/mobecor.ee\/en\/wp-json\/wp\/v2\/media\/15082"}],"wp:attachment":[{"href":"https:\/\/mobecor.ee\/en\/wp-json\/wp\/v2\/media?parent=95550"}],"wp:term":[{"taxonomy":"series","embeddable":true,"href":"https:\/\/mobecor.ee\/en\/wp-json\/wp\/v2\/series?post=95550"},{"taxonomy":"product_brand","embeddable":true,"href":"https:\/\/mobecor.ee\/en\/wp-json\/wp\/v2\/product_brand?post=95550"},{"taxonomy":"product_cat","embeddable":true,"href":"https:\/\/mobecor.ee\/en\/wp-json\/wp\/v2\/product_cat?post=95550"},{"taxonomy":"product_tag","embeddable":true,"href":"https:\/\/mobecor.ee\/en\/wp-json\/wp\/v2\/product_tag?post=95550"}],"curies":[{"name":"wp","href":"https:\/\/api.w.org\/{rel}","templated":true}]}}