{"id":95580,"date":"2025-12-02T07:43:32","date_gmt":"2025-12-02T05:43:32","guid":{"rendered":"https:\/\/mobecor.ee\/?post_type=product&#038;p=95580"},"modified":"2026-04-07T07:35:29","modified_gmt":"2026-04-07T04:35:29","slug":"korge-vitriinkapp-lora-spdw4-2037","status":"publish","type":"product","link":"https:\/\/mobecor.ee\/en\/toode\/korge-vitriinkapp-lora-spdw4-2037\/","title":{"rendered":"K\u00f5rge vitriinkapp Lora SPDW 4\/203,7 (40)"},"content":{"rendered":"<p><span lang=\"et-EE\" style=\"font-size: 14px;\"><span lang=\"et-EE\">Kapil on 3 klaasiga ust.\u00a0<\/span><span lang=\"et-EE\">Uste taga on riiulid<\/span>.<br \/>\nLisavalikuna v\u00f5imalik osta klaasist riiulid ja led valgustus<br \/>\n<\/span><span lang=\"et-EE\" style=\"font-size: 14px;\"><strong>Esipindade v\u00e4rvivalik:<\/strong> valge; oliiv; tumeroheline; bee\u017e; hall; kaszmir.<br \/>\n<\/span><span lang=\"et-EE\" style=\"font-size: 14px;\">Korpus: 16 mm paksune lamineeritud plaat.<br \/>\n<\/span><span lang=\"et-EE\" style=\"font-size: 14px;\"><strong>Korpuse v\u00e4rvivalik:<\/strong> valge; helehall; hall; must; kaszmir.<br \/>\n<\/span><span lang=\"et-EE\" style=\"font-size: 14px;\">Hinged: Lora sarja kapid on varustatud vaikselt sulguva mehhanismiga hingedega.<br \/>\n<\/span><span style=\"font-size: 14px;\">K\u00e4epidemed: stiilne metallist k\u00e4epide v\u00f5i nupp, must v\u00f5i kuldne.<br \/>\n<\/span><span lang=\"et-EE\" style=\"font-size: 14px;\"><span lang=\"et-EE\">Jalad: reguleeritavad. K\u00f5rgusega 10 cm v\u00f5i 15 cm.<br \/>\nSokkel ei kuulu hinna sisse. V\u00f5imalik juurde tellida\u00a0<a href=\"https:\/\/mobecor.ee\/toode\/sokkel-lora-200-cm\/\" target=\"_blank\" rel=\"noopener\">sokkel Lora 200 cm<\/a>\u00a0v\u00f5i\u00a0<a href=\"https:\/\/mobecor.ee\/toode\/kuljesokkel-lora\/\" target=\"_blank\" rel=\"noopener\">k\u00fcljesokkel Lora.<\/a><br \/>\n<\/span><\/span><span style=\"font-size: 14px;\">Toodetud: Poolas.<br \/>\n<\/span><span style=\"font-size: 14px;\">Kapp\u00a0tarnitakse detailidena.<\/span><\/p>\n","protected":false},"excerpt":{"rendered":"<p><span lang=\"et-EE\" style=\"font-size: 14px;\">Laius: 40 cm.<br \/>\nS\u00fcgavus koos esipinnaga: 58 cm.<br \/>\nK\u00f5rgus ilma jalgadeta:\u00a0203,7 cm.<br \/>\n* K\u00f5rgus koos 10 cm jalgadega: 213,7 cm.<br \/>\n* K\u00f5rgus Koos 15 cm jalgadega: 218,7 cm.<br \/>\nTarneaeg: 4-8 n\u00e4dalat.<br \/>\n<strong><em>NB! Pildid on illustratiivsed. Standardina on kapi k\u00fcljed valitud korpuse v\u00e4rvi. Lisatasu eest on v\u00f5imalik tellida kappidele lisak\u00fcljed, mis on esipindadega sama v\u00e4rvi- ja sama disainiga. Lisak\u00fclgede hinnap\u00e4ringuks kirjutage: <a href=\"mailto:info@mobecor.ee\" target=\"_blank\" rel=\"noopener\">info@mobecor.ee<\/a><\/em><\/strong><br \/>\n<\/span><\/p>\n","protected":false},"featured_media":15224,"template":"","meta":{"_acf_changed":false,"inline_featured_image":false},"series":[],"product_brand":[2953],"product_cat":[397],"product_tag":[],"class_list":{"0":"post-95580","1":"product","2":"type-product","3":"status-publish","4":"has-post-thumbnail","6":"product_brand-layman","7":"product_cat-lora-korged-kapid","9":"first","10":"instock","11":"taxable","12":"shipping-taxable","13":"purchasable","14":"product-type-variable"},"acf":[],"_links":{"self":[{"href":"https:\/\/mobecor.ee\/en\/wp-json\/wp\/v2\/product\/95580","targetHints":{"allow":["GET"]}}],"collection":[{"href":"https:\/\/mobecor.ee\/en\/wp-json\/wp\/v2\/product"}],"about":[{"href":"https:\/\/mobecor.ee\/en\/wp-json\/wp\/v2\/types\/product"}],"wp:featuredmedia":[{"embeddable":true,"href":"https:\/\/mobecor.ee\/en\/wp-json\/wp\/v2\/media\/15224"}],"wp:attachment":[{"href":"https:\/\/mobecor.ee\/en\/wp-json\/wp\/v2\/media?parent=95580"}],"wp:term":[{"taxonomy":"series","embeddable":true,"href":"https:\/\/mobecor.ee\/en\/wp-json\/wp\/v2\/series?post=95580"},{"taxonomy":"product_brand","embeddable":true,"href":"https:\/\/mobecor.ee\/en\/wp-json\/wp\/v2\/product_brand?post=95580"},{"taxonomy":"product_cat","embeddable":true,"href":"https:\/\/mobecor.ee\/en\/wp-json\/wp\/v2\/product_cat?post=95580"},{"taxonomy":"product_tag","embeddable":true,"href":"https:\/\/mobecor.ee\/en\/wp-json\/wp\/v2\/product_tag?post=95580"}],"curies":[{"name":"wp","href":"https:\/\/api.w.org\/{rel}","templated":true}]}}