{"id":95921,"date":"2025-12-02T11:58:48","date_gmt":"2025-12-02T09:58:48","guid":{"rendered":"https:\/\/mobecor.ee\/?post_type=product&#038;p=95921"},"modified":"2026-04-14T14:26:33","modified_gmt":"2026-04-14T11:26:33","slug":"koogikomplekt-kam-set-d200-z6-w200-71","status":"publish","type":"product","link":"https:\/\/mobecor.ee\/en\/toode\/koogikomplekt-kam-set-d200-z6-w200-71\/","title":{"rendered":"K\u00f6\u00f6gikomplekt Kam Set D200 Z6+W200\/71"},"content":{"rendered":"<p>\u00dclemiste kappide k\u00f5rgus: 71 cm.<br \/>\nAlumiste kappide k\u00f5rgus on 72 cm +\u00a0 jalad 10 cm.<br \/>\nIgal kapil on eraldi sokkel.<br \/>\n\u00dclemistel\u00a0kappidel\u00a0ei ole k\u00e4epidemeid, kapi p\u00f5hi on tagasi l\u00f5igatud.<br \/>\nAlumistel kappidel on musta v\u00e4rvi metallist k\u00e4epidemed.<br \/>\nEsipinnad: lamineeritud m\u00f6\u00f6bliplaat (18 mm).<br \/>\nEsipindade v\u00e4rvivalik: tamm kuldne; valge; tamm cremona; tamm barista; ka\u0161miir.<br \/>\nKorpus: lamineeritud m\u00f6\u00f6bliplaat (16 mm).<br \/>\nKorpuse v\u00e4rvivalik: valge; ka\u0161miir.<br \/>\nUksed on vaikselt sulguvad.<br \/>\nLisavalikuna v\u00f5imalik juurde osta t\u00f6\u00f6tasapind (38 mm).<br \/>\nT\u00f6\u00f6tasapinna v\u00e4rvivalik: Marmor Roma (tume); Marmor Calcatta (hele).<br \/>\nLisavalikuna v\u00f5imalik juurde osta lisak\u00fclg nii \u00fclemise-kui alumise kapirea l\u00f5petuseks.<br \/>\nV\u00f5imalik on osta ka \u00fcksikult\u00a0Kam Set\u00a0sarja kappe\u00a0<a href=\"https:\/\/mobecor.ee\/tootekategooria\/koogimoobel\/kam-set-kapid\/kam-set-kapid-eraldi\/\" target=\"_blank\" rel=\"noopener noreferrer\">SIIT<\/a>.<br \/>\nToodetud: Poolas.<\/p>\n","protected":false},"excerpt":{"rendered":"<p>Komplekti kuulub :<br \/>\n* seinakapp 1-uksega\u00a0(laiusega 60 cm);<br \/>\n*\u00a0seinakapp 1-uksega\u00a0(laiusega 60 cm);<br \/>\n*\u00a0seinakapp 2 uksega (laiusega 80 cm);<br \/>\n* p\u00f5randakapp 1-sahtli- ja 1-uksega\u00a0(laiusega 60 cm);<br \/>\n*\u00a0valamukapp 1-uksega (laiusega 60 cm);<br \/>\n*\u00a0p\u00f5randakapp 2-uksega (laiusega 80 cm).<br \/>\nTarneaeg: 4-8 n\u00e4dalat.<\/p>\n","protected":false},"featured_media":11262,"template":"","meta":{"_acf_changed":false,"inline_featured_image":false},"series":[],"product_brand":[2952],"product_cat":[2908,196],"product_tag":[],"class_list":{"0":"post-95921","1":"product","2":"type-product","3":"status-publish","4":"has-post-thumbnail","6":"product_brand-meblekam","7":"product_cat-kam-set-komplektid","8":"product_cat-koogikomplektid","10":"first","11":"instock","12":"taxable","13":"shipping-taxable","14":"purchasable","15":"product-type-variable"},"acf":[],"_links":{"self":[{"href":"https:\/\/mobecor.ee\/en\/wp-json\/wp\/v2\/product\/95921","targetHints":{"allow":["GET"]}}],"collection":[{"href":"https:\/\/mobecor.ee\/en\/wp-json\/wp\/v2\/product"}],"about":[{"href":"https:\/\/mobecor.ee\/en\/wp-json\/wp\/v2\/types\/product"}],"wp:featuredmedia":[{"embeddable":true,"href":"https:\/\/mobecor.ee\/en\/wp-json\/wp\/v2\/media\/11262"}],"wp:attachment":[{"href":"https:\/\/mobecor.ee\/en\/wp-json\/wp\/v2\/media?parent=95921"}],"wp:term":[{"taxonomy":"series","embeddable":true,"href":"https:\/\/mobecor.ee\/en\/wp-json\/wp\/v2\/series?post=95921"},{"taxonomy":"product_brand","embeddable":true,"href":"https:\/\/mobecor.ee\/en\/wp-json\/wp\/v2\/product_brand?post=95921"},{"taxonomy":"product_cat","embeddable":true,"href":"https:\/\/mobecor.ee\/en\/wp-json\/wp\/v2\/product_cat?post=95921"},{"taxonomy":"product_tag","embeddable":true,"href":"https:\/\/mobecor.ee\/en\/wp-json\/wp\/v2\/product_tag?post=95921"}],"curies":[{"name":"wp","href":"https:\/\/api.w.org\/{rel}","templated":true}]}}