{"id":96106,"date":"2025-12-02T13:57:44","date_gmt":"2025-12-02T11:57:44","guid":{"rendered":"https:\/\/mobecor.ee\/?post_type=product&#038;p=96106"},"modified":"2026-04-14T14:17:17","modified_gmt":"2026-04-14T11:17:17","slug":"seinakapp-kam-set-ww60-1-71","status":"publish","type":"product","link":"https:\/\/mobecor.ee\/en\/toode\/seinakapp-kam-set-ww60-1-71\/","title":{"rendered":"Seinakapp Kam Set WW60.1\/71"},"content":{"rendered":"<p>Kapil on 1 osaliselt klaasiga uks.<br \/>\nEsipinnad: lamineeritud m\u00f6\u00f6bliplaat (18 mm).<br \/>\nEsipindade v\u00e4rvivalik: tamm kuldne; valge; tamm cremona; tamm barista; ka\u0161miir.<br \/>\nKorpus: lamineeritud m\u00f6\u00f6bliplaat (16 mm).<br \/>\nKorpuse v\u00e4rvivalik: valge; ka\u0161miir.<br \/>\nSeinakapil ei ole k\u00e4epidemeid, kapi p\u00f5hi on tagasi l\u00f5igatud.<br \/>\nUks on vaikselt sulguv.<br \/>\nToodetud: Poolas.<\/p>\n","protected":false},"excerpt":{"rendered":"<p>Laius: 60 cm.<br \/>\nS\u00fcgavus: 32 cm.<br \/>\nK\u00f5rgus: 71 cm.<br \/>\nTarneaeg: 4-8 n\u00e4dalat.<\/p>\n","protected":false},"featured_media":11324,"template":"","meta":{"_acf_changed":false,"inline_featured_image":false},"series":[],"product_brand":[2952],"product_cat":[264],"product_tag":[],"class_list":{"0":"post-96106","1":"product","2":"type-product","3":"status-publish","4":"has-post-thumbnail","6":"product_brand-meblekam","7":"product_cat-kam-set-seinakapid","9":"first","10":"instock","11":"taxable","12":"shipping-taxable","13":"purchasable","14":"product-type-simple"},"acf":[],"_links":{"self":[{"href":"https:\/\/mobecor.ee\/en\/wp-json\/wp\/v2\/product\/96106","targetHints":{"allow":["GET"]}}],"collection":[{"href":"https:\/\/mobecor.ee\/en\/wp-json\/wp\/v2\/product"}],"about":[{"href":"https:\/\/mobecor.ee\/en\/wp-json\/wp\/v2\/types\/product"}],"wp:featuredmedia":[{"embeddable":true,"href":"https:\/\/mobecor.ee\/en\/wp-json\/wp\/v2\/media\/11324"}],"wp:attachment":[{"href":"https:\/\/mobecor.ee\/en\/wp-json\/wp\/v2\/media?parent=96106"}],"wp:term":[{"taxonomy":"series","embeddable":true,"href":"https:\/\/mobecor.ee\/en\/wp-json\/wp\/v2\/series?post=96106"},{"taxonomy":"product_brand","embeddable":true,"href":"https:\/\/mobecor.ee\/en\/wp-json\/wp\/v2\/product_brand?post=96106"},{"taxonomy":"product_cat","embeddable":true,"href":"https:\/\/mobecor.ee\/en\/wp-json\/wp\/v2\/product_cat?post=96106"},{"taxonomy":"product_tag","embeddable":true,"href":"https:\/\/mobecor.ee\/en\/wp-json\/wp\/v2\/product_tag?post=96106"}],"curies":[{"name":"wp","href":"https:\/\/api.w.org\/{rel}","templated":true}]}}