{"id":96113,"date":"2025-12-02T14:29:20","date_gmt":"2025-12-02T12:29:20","guid":{"rendered":"https:\/\/mobecor.ee\/?post_type=product&#038;p=96113"},"modified":"2026-04-14T14:15:14","modified_gmt":"2026-04-14T11:15:14","slug":"seinakapp-kam-set-w60-171-p3c","status":"publish","type":"product","link":"https:\/\/mobecor.ee\/en\/toode\/seinakapp-kam-set-w60-171-p3c\/","title":{"rendered":"Seinakapp Kam Set W60.1\/71P3C + \u00f5hupuhasti + s\u00f6efiltrid"},"content":{"rendered":"<p>Kapp koos \u00f5hupuhastiga P3C ja s\u00fcsinikfiltritega.<br \/>\n\u00d5hupuhasti P3: V\u00f5imsus: 610 m\/h. Kiirused: 3. Valgustus: integreeritud 5W LED-riba.<br \/>\nMinimaalne paigaldusk\u00f5rgus induktsioonpliidi kohal = 50 cm.<br \/>\nEsipinnad: lamineeritud m\u00f6\u00f6bliplaat (18 mm).<br \/>\nEsipindade v\u00e4rvivalik: tamm kuldne; valge; tamm cremona; tamm barista; ka\u0161miir.<br \/>\nKorpus: lamineeritud m\u00f6\u00f6bliplaat (16 mm).<br \/>\nKorpuse v\u00e4rvivalik: valge; ka\u0161miir.<br \/>\nSeinakapil ei ole k\u00e4epidemeid, kapi p\u00f5hi on tagasi l\u00f5igatud.<br \/>\nUks on vaikselt sulguv.<br \/>\nToodetud: Poolas.<\/p>\n","protected":false},"excerpt":{"rendered":"<p>Laius: 60 cm.<br \/>\nS\u00fcgavus: 32 cm.<br \/>\nK\u00f5rgus: 71 cm.<br \/>\nTarneaeg: 4-8 n\u00e4dalat.<\/p>\n","protected":false},"featured_media":11316,"template":"","meta":{"_acf_changed":false,"inline_featured_image":false},"series":[],"product_brand":[2952],"product_cat":[264],"product_tag":[],"class_list":{"0":"post-96113","1":"product","2":"type-product","3":"status-publish","4":"has-post-thumbnail","6":"product_brand-meblekam","7":"product_cat-kam-set-seinakapid","9":"first","10":"instock","11":"taxable","12":"shipping-taxable","13":"purchasable","14":"product-type-simple"},"acf":[],"_links":{"self":[{"href":"https:\/\/mobecor.ee\/en\/wp-json\/wp\/v2\/product\/96113","targetHints":{"allow":["GET"]}}],"collection":[{"href":"https:\/\/mobecor.ee\/en\/wp-json\/wp\/v2\/product"}],"about":[{"href":"https:\/\/mobecor.ee\/en\/wp-json\/wp\/v2\/types\/product"}],"wp:featuredmedia":[{"embeddable":true,"href":"https:\/\/mobecor.ee\/en\/wp-json\/wp\/v2\/media\/11316"}],"wp:attachment":[{"href":"https:\/\/mobecor.ee\/en\/wp-json\/wp\/v2\/media?parent=96113"}],"wp:term":[{"taxonomy":"series","embeddable":true,"href":"https:\/\/mobecor.ee\/en\/wp-json\/wp\/v2\/series?post=96113"},{"taxonomy":"product_brand","embeddable":true,"href":"https:\/\/mobecor.ee\/en\/wp-json\/wp\/v2\/product_brand?post=96113"},{"taxonomy":"product_cat","embeddable":true,"href":"https:\/\/mobecor.ee\/en\/wp-json\/wp\/v2\/product_cat?post=96113"},{"taxonomy":"product_tag","embeddable":true,"href":"https:\/\/mobecor.ee\/en\/wp-json\/wp\/v2\/product_tag?post=96113"}],"curies":[{"name":"wp","href":"https:\/\/api.w.org\/{rel}","templated":true}]}}