{"id":96172,"date":"2025-12-02T15:33:35","date_gmt":"2025-12-02T13:33:35","guid":{"rendered":"https:\/\/mobecor.ee\/?post_type=product&#038;p=96172"},"modified":"2025-12-02T15:36:03","modified_gmt":"2025-12-02T13:36:03","slug":"alumine-lisakulg-82-kam-set","status":"publish","type":"product","link":"https:\/\/mobecor.ee\/en\/toode\/alumine-lisakulg-82-kam-set\/","title":{"rendered":"Alumine lisak\u00fclg 82 Kam Set"},"content":{"rendered":"<p>Lisak\u00fclg\u00a0alumise kapirea l\u00f5petuseks.<br \/>\nMaterjal: lamineeritud m\u00f6\u00f6bliplaat, 18 mm.<br \/>\nV\u00e4rvivalik: tamm kuldne; valge; tamm cremona; tamm barista; ka\u0161miir.<br \/>\nLaius:\u00a058 cm.<br \/>\nS\u00fcgavus:\u00a01,8 cm.<br \/>\nK\u00f5rgus:\u00a082 cm.<br \/>\nToodetud: Poolas.<br \/>\nTarneaeg: 4-8 n\u00e4dalat.<\/p>\n","protected":false},"excerpt":{"rendered":"<p>Lisak\u00fclg\u00a0alumise kapirea l\u00f5petuseks. Materjal: lamineeritud m\u00f6\u00f6bliplaat, 18 mm. V\u00e4rvivalik: tamm kuldne; valge; tamm cremona; tamm barista; ka\u0161miir. Laius:\u00a058 cm. S\u00fcgavus:\u00a01,8&#8230;<\/p>\n","protected":false},"featured_media":11280,"template":"","meta":{"_acf_changed":false,"inline_featured_image":false},"series":[],"product_brand":[2952],"product_cat":[263],"product_tag":[],"class_list":{"0":"post-96172","1":"product","2":"type-product","3":"status-publish","4":"has-post-thumbnail","6":"product_brand-meblekam","7":"product_cat-kam-set-alumised-kapid","9":"first","10":"instock","11":"taxable","12":"shipping-taxable","13":"purchasable","14":"product-type-simple"},"acf":[],"_links":{"self":[{"href":"https:\/\/mobecor.ee\/en\/wp-json\/wp\/v2\/product\/96172","targetHints":{"allow":["GET"]}}],"collection":[{"href":"https:\/\/mobecor.ee\/en\/wp-json\/wp\/v2\/product"}],"about":[{"href":"https:\/\/mobecor.ee\/en\/wp-json\/wp\/v2\/types\/product"}],"wp:featuredmedia":[{"embeddable":true,"href":"https:\/\/mobecor.ee\/en\/wp-json\/wp\/v2\/media\/11280"}],"wp:attachment":[{"href":"https:\/\/mobecor.ee\/en\/wp-json\/wp\/v2\/media?parent=96172"}],"wp:term":[{"taxonomy":"series","embeddable":true,"href":"https:\/\/mobecor.ee\/en\/wp-json\/wp\/v2\/series?post=96172"},{"taxonomy":"product_brand","embeddable":true,"href":"https:\/\/mobecor.ee\/en\/wp-json\/wp\/v2\/product_brand?post=96172"},{"taxonomy":"product_cat","embeddable":true,"href":"https:\/\/mobecor.ee\/en\/wp-json\/wp\/v2\/product_cat?post=96172"},{"taxonomy":"product_tag","embeddable":true,"href":"https:\/\/mobecor.ee\/en\/wp-json\/wp\/v2\/product_tag?post=96172"}],"curies":[{"name":"wp","href":"https:\/\/api.w.org\/{rel}","templated":true}]}}