{"id":96534,"date":"2025-12-03T10:51:38","date_gmt":"2025-12-03T08:51:38","guid":{"rendered":"https:\/\/mobecor.ee\/?post_type=product&#038;p=96534"},"modified":"2025-12-03T10:54:09","modified_gmt":"2025-12-03T08:54:09","slug":"kontinentaalvoodi-jalutsikast-ulvasen","status":"publish","type":"product","link":"https:\/\/mobecor.ee\/en\/toode\/kontinentaalvoodi-jalutsikast-ulvasen\/","title":{"rendered":"Kontinentaalvoodi jalutsikast Ulvasen"},"content":{"rendered":"<p>Hea ja k\u00e4ep\u00e4rane panipaik voodipesule v\u00f5i muudele asjadele.<br \/>\nValikus 3 erinevat laiust \u2013 120, 150 ja 180 cm.<br \/>\nSaadaval RED ja BLACK sarja m\u00f6\u00f6blikangastega.<br \/>\nKvaliteetsed sulgurid sulgevad kasti kaane vaikselt.<br \/>\nSobib ka istumiseks.<br \/>\nNB! Jalad ei kuulu komplekti!<br \/>\nVali meelep\u00e4rased jalad <a href=\"https:\/\/mobecor.ee\/tootekategooria\/magamistuba\/madratsid-ja-voodid\/sleepwell_uus\/jalad-1\/\">SIIT<\/a>.<\/p>\n<p><span style=\"font-size: 10pt;\">\u00a0<\/span><\/p>\n","protected":false},"excerpt":{"rendered":"<p>Laius: 120 cm; 150 cm; 180 cm.<br \/>\nK\u00f5rgus: 50 cm.<br \/>\nS\u00fcgavus: 46 cm.<br \/>\nTarneaeg: 4 kuni 6 n\u00e4dalat.<\/p>\n","protected":false},"featured_media":10704,"template":"","meta":{"_acf_changed":false,"inline_featured_image":false},"series":[],"product_brand":[2859],"product_cat":[453],"product_tag":[],"class_list":{"0":"post-96534","1":"product","2":"type-product","3":"status-publish","4":"has-post-thumbnail","6":"product_brand-sleepwell","7":"product_cat-voodi-lisatarvikud","9":"first","10":"instock","11":"taxable","12":"shipping-taxable","13":"purchasable","14":"product-type-variable"},"acf":[],"_links":{"self":[{"href":"https:\/\/mobecor.ee\/en\/wp-json\/wp\/v2\/product\/96534","targetHints":{"allow":["GET"]}}],"collection":[{"href":"https:\/\/mobecor.ee\/en\/wp-json\/wp\/v2\/product"}],"about":[{"href":"https:\/\/mobecor.ee\/en\/wp-json\/wp\/v2\/types\/product"}],"wp:featuredmedia":[{"embeddable":true,"href":"https:\/\/mobecor.ee\/en\/wp-json\/wp\/v2\/media\/10704"}],"wp:attachment":[{"href":"https:\/\/mobecor.ee\/en\/wp-json\/wp\/v2\/media?parent=96534"}],"wp:term":[{"taxonomy":"series","embeddable":true,"href":"https:\/\/mobecor.ee\/en\/wp-json\/wp\/v2\/series?post=96534"},{"taxonomy":"product_brand","embeddable":true,"href":"https:\/\/mobecor.ee\/en\/wp-json\/wp\/v2\/product_brand?post=96534"},{"taxonomy":"product_cat","embeddable":true,"href":"https:\/\/mobecor.ee\/en\/wp-json\/wp\/v2\/product_cat?post=96534"},{"taxonomy":"product_tag","embeddable":true,"href":"https:\/\/mobecor.ee\/en\/wp-json\/wp\/v2\/product_tag?post=96534"}],"curies":[{"name":"wp","href":"https:\/\/api.w.org\/{rel}","templated":true}]}}