{"id":96792,"date":"2025-12-03T12:34:57","date_gmt":"2025-12-03T10:34:57","guid":{"rendered":"https:\/\/mobecor.ee\/?post_type=product&#038;p=96792"},"modified":"2026-03-10T10:36:53","modified_gmt":"2026-03-10T08:36:53","slug":"red-pocket-vedrumadrats-mooblikangast-servaga-120200","status":"publish","type":"product","link":"https:\/\/mobecor.ee\/en\/toode\/red-pocket-vedrumadrats-mooblikangast-servaga-120200\/","title":{"rendered":"Red Pocket vedrumadrats m\u00f6\u00f6blikangast  servaga 120*200"},"content":{"rendered":"<p>Lisamugavust pakub \u00fchel pool vill (talve pool), teisel puuvill (suve pool).<br \/>\nPealisangas on erilise Sensity\u2122 t\u00f6\u00f6tlusega, mis takistab tolmulestade, hallituse ja kahjulike bakterite teket ning neutraliseerib ebameeldivad l\u00f5hnad.<br \/>\n<strong>Servad: m\u00f6\u00f6blikangast.<\/strong><br \/>\nV\u00f5imalik valida vedru j\u00e4ikust \u2013\u00a0<strong>j\u00e4ik<\/strong>\u00a0(2,0\/2,1 mm),\u00a0<strong>keskmine<\/strong>\u00a0(1,9\/2,0 mm) v\u00f5i\u00a0<strong>pehme<\/strong>\u00a0(1,8\/1,9 mm).<br \/>\nMadratsile soovitame juurde lisada ka\u00a0<a href=\"https:\/\/mobecor.ee\/tootekategooria\/magamistuba\/madratsid-ja-voodid\/sleepwell_uus\/kattemadratsid-1\/\" target=\"_blank\" rel=\"noopener noreferrer\">Sleepwelli kattemadratsi<\/a>, mis loob t\u00e4iendava lisamugavuse, kaitseb madratsit, pikendab selle eluiga ning aitab kaasa heale voodih\u00fcgieenile.<br \/>\nToode on disainitud ja toodetud Eestis.<br \/>\nPorolooni on heaks kiitnud Eesti Allergialiit. Sleepwelli toodetes kasutatavad materjalid nagu kangas, puuvill, vill ja vatiin vastavad rahvusvahelisele \u00d6ko-Tex 100 standardile.<\/p>\n","protected":false},"excerpt":{"rendered":"<p>T\u00f5eliselt mugav ja kvaliteetne vedrumadrats, mille sisuks on pakitud 5-tsooniline pocket-vedrustus.<br \/>\nMadratsi m\u00f5lemad pooled on vooderdatud Tiger Touch porolooniga (3 cm), mis on materjalit\u00f6\u00f6stuse viimane s\u00f5na \u2013 laseb h\u00e4sti \u00f5hul liikuda ning moodustab m\u00f5nusalt vetruva, keha toetava vormi.<br \/>\nM\u00f5\u00f5dud: 120*200 cm.<br \/>\nK\u00f5rgus: 22 cm.<br \/>\nTarneaeg: 2 kuni 4 n\u00e4dalat.<\/p>\n","protected":false},"featured_media":10648,"template":"","meta":{"_acf_changed":false,"inline_featured_image":false},"series":[],"product_brand":[2859],"product_cat":[2950],"product_tag":[],"class_list":{"0":"post-96792","1":"product","2":"type-product","3":"status-publish","4":"has-post-thumbnail","6":"product_brand-sleepwell","7":"product_cat-madratsid-mooblikangast-servaga","9":"first","10":"instock","11":"taxable","12":"shipping-taxable","13":"purchasable","14":"product-type-simple"},"acf":[],"_links":{"self":[{"href":"https:\/\/mobecor.ee\/en\/wp-json\/wp\/v2\/product\/96792","targetHints":{"allow":["GET"]}}],"collection":[{"href":"https:\/\/mobecor.ee\/en\/wp-json\/wp\/v2\/product"}],"about":[{"href":"https:\/\/mobecor.ee\/en\/wp-json\/wp\/v2\/types\/product"}],"wp:featuredmedia":[{"embeddable":true,"href":"https:\/\/mobecor.ee\/en\/wp-json\/wp\/v2\/media\/10648"}],"wp:attachment":[{"href":"https:\/\/mobecor.ee\/en\/wp-json\/wp\/v2\/media?parent=96792"}],"wp:term":[{"taxonomy":"series","embeddable":true,"href":"https:\/\/mobecor.ee\/en\/wp-json\/wp\/v2\/series?post=96792"},{"taxonomy":"product_brand","embeddable":true,"href":"https:\/\/mobecor.ee\/en\/wp-json\/wp\/v2\/product_brand?post=96792"},{"taxonomy":"product_cat","embeddable":true,"href":"https:\/\/mobecor.ee\/en\/wp-json\/wp\/v2\/product_cat?post=96792"},{"taxonomy":"product_tag","embeddable":true,"href":"https:\/\/mobecor.ee\/en\/wp-json\/wp\/v2\/product_tag?post=96792"}],"curies":[{"name":"wp","href":"https:\/\/api.w.org\/{rel}","templated":true}]}}