{"id":96907,"date":"2025-12-03T15:07:50","date_gmt":"2025-12-03T13:07:50","guid":{"rendered":"https:\/\/mobecor.ee\/?post_type=product&#038;p=96907"},"modified":"2026-03-17T16:39:14","modified_gmt":"2026-03-17T14:39:14","slug":"voodi-red-modular-140200-2","status":"publish","type":"product","link":"https:\/\/mobecor.ee\/en\/toode\/voodi-red-modular-140200-2\/","title":{"rendered":"Voodi Red Modular 140*200"},"content":{"rendered":"<p>* Stabiilne ja vastupidav puitkonstruktsioon.<br \/>\n* Mugav ja \u00f5hku l\u00e4bilaskev liistudega voodip\u00f5hi.<br \/>\n* Lihtne kokku panna ja sobib erinevate madratsitega.<br \/>\n* Minimalistlik ja ajatu disain, mis sobib igasse interj\u00f6\u00f6ri.<br \/>\nKomplekti kuulub voodiraam, peatsiots, lipid, tugijalg ja voodijalad.<br \/>\nNB! Vedrumadrats ei kuulu komplekti ning tuleb valida eraldi vastavalt oma eelistustele. Madratsi saab juurde tellida\u00a0<a href=\"https:\/\/mobecor.ee\/tootekategooria\/magamistuba\/madratsid-ja-voodid\/sleepwell_uus\/vedrumadratsid-2\/\" target=\"_blank\" rel=\"noopener\">SIIT<\/a>\u00a0ja kattemadratsi\u00a0<a href=\"https:\/\/mobecor.ee\/tootekategooria\/magamistuba\/madratsid-ja-voodid\/sleepwell_uus\/kattemadratsid-1\/\" target=\"_blank\" rel=\"noopener\">SIIT<\/a>.<br \/>\nSee voodi on ideaalne valik neile, kes hindavad mugavust, kvaliteeti ja moodsat disaini.<br \/>\nT\u00e4ienda oma magamistuba RED Modular voodiga ja loo t\u00e4iuslik magamiskeskkond, kus ilu ja mugavus kohtuvad!<br \/>\nToode vastab rahvusvahelisele \u00d6ko-Tex 100 standardile, mis tagab nende keskkonnas\u00f5bralikkuse ja ohutuse.<br \/>\nVoodi tarnitakse osadena, mis teeb selle hoiustamise ja transpordi kergemaks.<br \/>\nToodet on v\u00f5imalik tellida Harrisoni ja Fiesta kangaga.<\/p>\n","protected":false},"excerpt":{"rendered":"<p>RED Modular voodi on kaasaegne ja stiilne magamislahendus, mis \u00fchendab vastupidava konstruktsiooni ja minimalistliku disaini.<br \/>\nVoodiraam on kaetud kvaliteetse kangaga ning selle tugev puitkarkass tagab pikaajalise vastupidavuse.<br \/>\nM\u00f5\u00f5dud: 140*200 cm.<br \/>\nK\u00f5rgus koos peatsiga: 95 cm.<br \/>\nTarneaeg: 4-6 n\u00e4dalat.<\/p>\n","protected":false},"featured_media":16020,"template":"","meta":{"_acf_changed":false,"inline_featured_image":false},"series":[],"product_brand":[2859],"product_cat":[415],"product_tag":[],"class_list":{"0":"post-96907","1":"product","2":"type-product","3":"status-publish","4":"has-post-thumbnail","6":"product_brand-sleepwell","7":"product_cat-kusetid","9":"first","10":"instock","11":"taxable","12":"shipping-taxable","13":"purchasable","14":"product-type-simple"},"acf":[],"_links":{"self":[{"href":"https:\/\/mobecor.ee\/en\/wp-json\/wp\/v2\/product\/96907","targetHints":{"allow":["GET"]}}],"collection":[{"href":"https:\/\/mobecor.ee\/en\/wp-json\/wp\/v2\/product"}],"about":[{"href":"https:\/\/mobecor.ee\/en\/wp-json\/wp\/v2\/types\/product"}],"wp:featuredmedia":[{"embeddable":true,"href":"https:\/\/mobecor.ee\/en\/wp-json\/wp\/v2\/media\/16020"}],"wp:attachment":[{"href":"https:\/\/mobecor.ee\/en\/wp-json\/wp\/v2\/media?parent=96907"}],"wp:term":[{"taxonomy":"series","embeddable":true,"href":"https:\/\/mobecor.ee\/en\/wp-json\/wp\/v2\/series?post=96907"},{"taxonomy":"product_brand","embeddable":true,"href":"https:\/\/mobecor.ee\/en\/wp-json\/wp\/v2\/product_brand?post=96907"},{"taxonomy":"product_cat","embeddable":true,"href":"https:\/\/mobecor.ee\/en\/wp-json\/wp\/v2\/product_cat?post=96907"},{"taxonomy":"product_tag","embeddable":true,"href":"https:\/\/mobecor.ee\/en\/wp-json\/wp\/v2\/product_tag?post=96907"}],"curies":[{"name":"wp","href":"https:\/\/api.w.org\/{rel}","templated":true}]}}