{"id":96912,"date":"2025-12-03T15:23:42","date_gmt":"2025-12-03T13:23:42","guid":{"rendered":"https:\/\/mobecor.ee\/?post_type=product&#038;p=96912"},"modified":"2026-03-10T10:43:40","modified_gmt":"2026-03-10T08:43:40","slug":"black-multipocket-vedrumadrats-mooblikangast-servaga-160200","status":"publish","type":"product","link":"https:\/\/mobecor.ee\/en\/toode\/black-multipocket-vedrumadrats-mooblikangast-servaga-160200\/","title":{"rendered":"Black Multipocket vedrumadrats m\u00f6\u00f6blikangast servaga 160*200"},"content":{"rendered":"<p>7-tsoonilise multipocket vedrustusega madratsi \u00fchel poolel on naturaalne lateks, teisel poolel on Tiger Touch poroloon (3 cm), mis on materjalit\u00f6\u00f6stuse viimane s\u00f5na &#8211; laseb h\u00e4sti \u00f5hul liikuda ning moodustab m\u00f5nusalt vetruva, keha toetava vormi.<br \/>\nSuur vedrude arv tagab kehale maksimaalse toe.<br \/>\nLisamugavust pakub u\u0308hel poolel vill (talve pool), teisel puuvill (suve pool).<br \/>\n\u00dclipehme Supersoft kattekangas on tolmulestavastase Sensity\u2122 t\u00f6\u00f6tlusega.<br \/>\nTootel on Eesti Allergialiidu tunnusm\u00e4rk.<br \/>\nV\u00f5imalik valida vedru j\u00e4ikust \u2013 j\u00e4ik v\u00f5i pehme.<br \/>\nSoovitame madratsile juurde lisada ka <a href=\"https:\/\/mobecor.ee\/tootekategooria\/magamistuba\/madratsid-ja-voodid\/sleepwell_uus\/kattemadratsid-1\/\" target=\"_blank\" rel=\"noopener\">Sleepwelli kattemadratsi<\/a>, mis loob t\u00e4iendava lisamugavuse, kaitseb madratsit, pikendab selle eluiga ning aitab kaasa heale voodih\u00fcgieenile.<br \/>\nToode on disainitud ja toodetud Eestis.<br \/>\nSleepwelli toodetes kasutatavad materjalid nagu kangas, puuvill, vill ja vatiin vastavad rahvusvahelisele \u00d6ko-Tex 100 standardile. Vedrus\u00fcsteemide kvaliteet on tagatud DIN EN ISO 9001 sertifikaadiga.<\/p>\n","protected":false},"excerpt":{"rendered":"<p>Vedrumadrats m\u00f6\u00f6blikangast servaga.<br \/>\nM\u00f5\u00f5dud: 160*200 cm.<br \/>\nK\u00f5rgus: 25 cm.<br \/>\nTarneaeg: 2 kuni 4 n\u00e4dalat.<\/p>\n","protected":false},"featured_media":16018,"template":"","meta":{"_acf_changed":false,"inline_featured_image":false},"series":[],"product_brand":[2859],"product_cat":[2950],"product_tag":[],"class_list":{"0":"post-96912","1":"product","2":"type-product","3":"status-publish","4":"has-post-thumbnail","6":"product_brand-sleepwell","7":"product_cat-madratsid-mooblikangast-servaga","9":"first","10":"instock","11":"taxable","12":"shipping-taxable","13":"purchasable","14":"product-type-simple"},"acf":[],"_links":{"self":[{"href":"https:\/\/mobecor.ee\/en\/wp-json\/wp\/v2\/product\/96912","targetHints":{"allow":["GET"]}}],"collection":[{"href":"https:\/\/mobecor.ee\/en\/wp-json\/wp\/v2\/product"}],"about":[{"href":"https:\/\/mobecor.ee\/en\/wp-json\/wp\/v2\/types\/product"}],"wp:featuredmedia":[{"embeddable":true,"href":"https:\/\/mobecor.ee\/en\/wp-json\/wp\/v2\/media\/16018"}],"wp:attachment":[{"href":"https:\/\/mobecor.ee\/en\/wp-json\/wp\/v2\/media?parent=96912"}],"wp:term":[{"taxonomy":"series","embeddable":true,"href":"https:\/\/mobecor.ee\/en\/wp-json\/wp\/v2\/series?post=96912"},{"taxonomy":"product_brand","embeddable":true,"href":"https:\/\/mobecor.ee\/en\/wp-json\/wp\/v2\/product_brand?post=96912"},{"taxonomy":"product_cat","embeddable":true,"href":"https:\/\/mobecor.ee\/en\/wp-json\/wp\/v2\/product_cat?post=96912"},{"taxonomy":"product_tag","embeddable":true,"href":"https:\/\/mobecor.ee\/en\/wp-json\/wp\/v2\/product_tag?post=96912"}],"curies":[{"name":"wp","href":"https:\/\/api.w.org\/{rel}","templated":true}]}}