{"id":96927,"date":"2025-12-03T15:39:24","date_gmt":"2025-12-03T13:39:24","guid":{"rendered":"https:\/\/mobecor.ee\/?post_type=product&#038;p=96927"},"modified":"2025-12-03T15:40:39","modified_gmt":"2025-12-03T13:40:39","slug":"black-continental-kontinentaalvoodi-8-jalaga-180200","status":"publish","type":"product","link":"https:\/\/mobecor.ee\/en\/toode\/black-continental-kontinentaalvoodi-8-jalaga-180200\/","title":{"rendered":"Black Continental kontinentaalvoodi (8 jalaga) 180*200"},"content":{"rendered":"<p>Ku\u0161ettide sisuks on kahekihiline pocket vedruplokk, vedrumadratsil \u00fclimugav 7-tsooniline multipocket vedrustus, mille suur vedrude arv tagab kehale maksimaalse toe. 3 \u00fcksteist t\u00e4iendavat vedrukihti moodustavad koosluse, mis on iga unegurmaani unistuseks.<br \/>\nVedrumadrats on kahepoolne, mille \u00fchel pool on Tiger Touch poroloon ja teisel pool lateks.<br \/>\nTiger Touch poroloon on materjalit\u00f6\u00f6stuse viimane s\u00f5na \u2013 laseb h\u00e4sti \u00f5hul liikuda ning moodustab m\u00f5nusalt vetruva, keha toetava vormi.<br \/>\nVedrumadratsi j\u00e4ikust on v\u00f5imalik valida \u2013 j\u00e4ik v\u00f5i pehme.<br \/>\nLai kangavalik annab v\u00f5imaluse valida igasse magamistuppa sobiv v\u00e4rvitoon. M\u00f6\u00f6blikanga valik pakub 14 erineva tooniga kangaid.<br \/>\nV\u00f5imalik on juurde tellida ka sama m\u00f6\u00f6blikangaga\u00a0peatsiots.<br \/>\nVoodi jalutsisse on v\u00f5imalik tellida sama kangaga kaetud jalutsikast riiete hoidmiseks ja istumiseks.<br \/>\n<strong>NB! <\/strong><strong><a href=\"https:\/\/mobecor.ee\/tootekategooria\/magamistuba\/madratsid-ja-voodid\/sleepwell_uus\/kattemadratsid-1\/\" target=\"_blank\" rel=\"noopener noreferrer\">Kattemadrats<\/a>,\u00a0<a href=\"https:\/\/mobecor.ee\/tootekategooria\/magamistuba\/madratsid-ja-voodid\/sleepwell_uus\/peatsiotsad-lisad\/\" target=\"_blank\" rel=\"noopener noreferrer\">peats<\/a>,\u00a0<a href=\"https:\/\/mobecor.ee\/tootekategooria\/magamistuba\/madratsid-ja-voodid\/sleepwell_uus\/jalad-1\/\" target=\"_blank\" rel=\"noopener noreferrer\">jalad<\/a>\u00a0ja muud\u00a0<a href=\"https:\/\/mobecor.ee\/tootekategooria\/magamistuba\/madratsid-ja-voodid\/sleepwell_uus\/lisad\/\" target=\"_blank\" rel=\"noopener noreferrer\">lisad<\/a>\u00a0ei kuulu komplekti ning need tuleb valida juurde vastavalt oma eelistustele.<\/strong><br \/>\n<strong>NB!\u00a0Jalgu tuleb tellida 8 tk.<\/strong><br \/>\nToode on disainitud ja toodetud Eestis.<br \/>\nPorolooni on heaks kiitnud Eesti Allergialiit.<br \/>\nSleepwelli toodetes kasutatavad materjalid nagu kangas, puuvill, vill ja vatiin vastavad rahvusvahelisele \u00d6ko-Tex 100 standardile.<br \/>\nVedrus\u00fcsteemide kvaliteet on tagatud DIN EN ISO 9001 sertifikaadiga.<\/p>\n","protected":false},"excerpt":{"rendered":"<p>Komplekti kuulub kaks kahekihilise pocket vedruga alusku\u0161etti ja nende \u00fchendusklambrid, mille peale k\u00e4ib 7-tsoonilise k\u00f5rge multipocket vedruga madrats, valikus j\u00e4ik ja pehme versioon.<br \/>\nM\u00f5\u00f5dud: 180\u00d7200 cm.<br \/>\nKontinentaalvoodi k\u00f5rgus ilma jalgadeta: 55 cm.<br \/>\nTarneaeg: 4 kuni 6 n\u00e4dalat.<\/p>\n","protected":false},"featured_media":10662,"template":"","meta":{"_acf_changed":false,"inline_featured_image":false},"series":[],"product_brand":[2859],"product_cat":[424],"product_tag":[],"class_list":{"0":"post-96927","1":"product","2":"type-product","3":"status-publish","4":"has-post-thumbnail","6":"product_brand-sleepwell","7":"product_cat-kontinentaal-ja-mootorvoodid","9":"first","10":"instock","11":"taxable","12":"shipping-taxable","13":"purchasable","14":"product-type-simple"},"acf":[],"_links":{"self":[{"href":"https:\/\/mobecor.ee\/en\/wp-json\/wp\/v2\/product\/96927","targetHints":{"allow":["GET"]}}],"collection":[{"href":"https:\/\/mobecor.ee\/en\/wp-json\/wp\/v2\/product"}],"about":[{"href":"https:\/\/mobecor.ee\/en\/wp-json\/wp\/v2\/types\/product"}],"wp:featuredmedia":[{"embeddable":true,"href":"https:\/\/mobecor.ee\/en\/wp-json\/wp\/v2\/media\/10662"}],"wp:attachment":[{"href":"https:\/\/mobecor.ee\/en\/wp-json\/wp\/v2\/media?parent=96927"}],"wp:term":[{"taxonomy":"series","embeddable":true,"href":"https:\/\/mobecor.ee\/en\/wp-json\/wp\/v2\/series?post=96927"},{"taxonomy":"product_brand","embeddable":true,"href":"https:\/\/mobecor.ee\/en\/wp-json\/wp\/v2\/product_brand?post=96927"},{"taxonomy":"product_cat","embeddable":true,"href":"https:\/\/mobecor.ee\/en\/wp-json\/wp\/v2\/product_cat?post=96927"},{"taxonomy":"product_tag","embeddable":true,"href":"https:\/\/mobecor.ee\/en\/wp-json\/wp\/v2\/product_tag?post=96927"}],"curies":[{"name":"wp","href":"https:\/\/api.w.org\/{rel}","templated":true}]}}