{"id":96931,"date":"2025-12-03T15:55:55","date_gmt":"2025-12-03T13:55:55","guid":{"rendered":"https:\/\/mobecor.ee\/?post_type=product&#038;p=96931"},"modified":"2025-12-03T15:56:28","modified_gmt":"2025-12-03T13:56:28","slug":"top-latex-lux-kattemadrats-mooblikangast-servaga-160200","status":"publish","type":"product","link":"https:\/\/mobecor.ee\/en\/toode\/top-latex-lux-kattemadrats-mooblikangast-servaga-160200\/","title":{"rendered":"TOP Latex Lux kattemadrats m\u00f6\u00f6blikangast servaga 160*200"},"content":{"rendered":"<p>Lisamugavust pakub \u00fchel pool vill (talve pool), teisel puuvill (suve pool).<br \/>\nTootel on Eesti Allergialiidu tunnusm\u00e4rk.<br \/>\nV\u00f5imalik on tellida ka erim\u00f5\u00f5dus tooteid \u2013 erim\u00f5\u00f5dus toodetele ei kehti tagastus\u00f5igus.<br \/>\nToode on disainitud ja toodetud Eestis.<br \/>\nSleepwelli toodetes kasutatavad materjalid nagu kangas, puuvill, vill ja vatiin vastavad rahvusvahelisele \u00d6ko-Tex 100 standardile.<\/p>\n","protected":false},"excerpt":{"rendered":"<p>Kattemadratsi sisuks on eriti paks loodusliku kaut\u0161ukipuu mahlast profileeritud ja perforeeritud lateksikiht (5 cm), mis muudab voodi eriliselt mugavaks.<br \/>\nSupersoft pealiskatte kangas on eriliselt pehme ning naturaalse Sensity\u2122 t\u00f6\u00f6tlusega, mis takistab tolmulestade, hallituse ja kahjulike bakterite teket ning neutraliseerib ebameeldivad l\u00f5hnad.<br \/>\nKattemadratsi servad on m\u00f6\u00f6blikangast.<br \/>\nM\u00f5\u00f5dud: 160*200 cm.<br \/>\nKattemadratsi k\u00f5rgus: 6 cm.<br \/>\nTarneaeg: 2 kuni 4 n\u00e4dalat.<\/p>\n","protected":false},"featured_media":10678,"template":"","meta":{"_acf_changed":false,"inline_featured_image":false},"series":[],"product_brand":[2859],"product_cat":[2950],"product_tag":[],"class_list":{"0":"post-96931","1":"product","2":"type-product","3":"status-publish","4":"has-post-thumbnail","6":"product_brand-sleepwell","7":"product_cat-madratsid-mooblikangast-servaga","9":"first","10":"instock","11":"taxable","12":"shipping-taxable","13":"purchasable","14":"product-type-simple"},"acf":[],"_links":{"self":[{"href":"https:\/\/mobecor.ee\/en\/wp-json\/wp\/v2\/product\/96931","targetHints":{"allow":["GET"]}}],"collection":[{"href":"https:\/\/mobecor.ee\/en\/wp-json\/wp\/v2\/product"}],"about":[{"href":"https:\/\/mobecor.ee\/en\/wp-json\/wp\/v2\/types\/product"}],"wp:featuredmedia":[{"embeddable":true,"href":"https:\/\/mobecor.ee\/en\/wp-json\/wp\/v2\/media\/10678"}],"wp:attachment":[{"href":"https:\/\/mobecor.ee\/en\/wp-json\/wp\/v2\/media?parent=96931"}],"wp:term":[{"taxonomy":"series","embeddable":true,"href":"https:\/\/mobecor.ee\/en\/wp-json\/wp\/v2\/series?post=96931"},{"taxonomy":"product_brand","embeddable":true,"href":"https:\/\/mobecor.ee\/en\/wp-json\/wp\/v2\/product_brand?post=96931"},{"taxonomy":"product_cat","embeddable":true,"href":"https:\/\/mobecor.ee\/en\/wp-json\/wp\/v2\/product_cat?post=96931"},{"taxonomy":"product_tag","embeddable":true,"href":"https:\/\/mobecor.ee\/en\/wp-json\/wp\/v2\/product_tag?post=96931"}],"curies":[{"name":"wp","href":"https:\/\/api.w.org\/{rel}","templated":true}]}}