{"id":97555,"date":"2025-12-04T15:09:05","date_gmt":"2025-12-04T13:09:05","guid":{"rendered":"https:\/\/mobecor.ee\/?post_type=product&#038;p=97555"},"modified":"2025-12-08T11:58:40","modified_gmt":"2025-12-08T09:58:40","slug":"nurgakapp-creativa-cre-16d-tavaline-riiul","status":"publish","type":"product","link":"https:\/\/mobecor.ee\/en\/toode\/nurgakapp-creativa-cre-16d-tavaline-riiul\/","title":{"rendered":"P\u00f5randakapp Creativa CRE-16D + tavaline riiul"},"content":{"rendered":"<p>2-uksega nurgakapp. Uste taga on riiul.<br \/>\nKapi koos p\u00f6\u00f6rleva metallist riiuliga leiab <a href=\"https:\/\/mobecor.ee\/toode\/valamukapp-creativa-cre-16d-poorleva-riiuliga\/\" target=\"_blank\" rel=\"noopener\">SIIT<\/a>.<br \/>\nMaterjal: lamineeritud m\u00f6\u00f6bliplaat\/PVC (16 mm).<br \/>\nEsipindade v\u00e4rvivalik: l\u00e4ikiv valge; l\u00e4ikiv hall.<br \/>\nKorpuse v\u00e4rvivalik: andersen; artisan; sonoma.<br \/>\nK\u00e4epidemed: metallist.<br \/>\nKappide\u00a0uksed ja sahtlid on vaikselt sulguva s\u00fcsteemiga.<br \/>\nValmistatud: Poolas.<br \/>\nTarnitakse detailidena.<br \/>\n<strong>NB! Sokkel ei kuulu komplekti. V\u00f5imalik juuk juurde tellida\u00a0<a href=\"https:\/\/mobecor.ee\/toode\/sokkel-creativa\/\" target=\"_blank\" rel=\"noopener\">SIIT<\/a>.<\/strong><\/p>\n","protected":false},"excerpt":{"rendered":"<p>Laius: 90 cm.<br \/>\nS\u00fcgavus: 90 cm.<br \/>\nK\u00f5rgus koos jalgadega: 82 cm.<br \/>\nTarneaeg: 4-8 n\u00e4dalat.<\/p>\n","protected":false},"featured_media":5056,"template":"","meta":{"_acf_changed":false,"inline_featured_image":false},"series":[],"product_brand":[2914],"product_cat":[232],"product_tag":[],"class_list":{"0":"post-97555","1":"product","2":"type-product","3":"status-publish","4":"has-post-thumbnail","6":"product_brand-fadome","7":"product_cat-creativa-porandakapid","9":"first","10":"instock","11":"taxable","12":"shipping-taxable","13":"purchasable","14":"product-type-simple"},"acf":[],"_links":{"self":[{"href":"https:\/\/mobecor.ee\/en\/wp-json\/wp\/v2\/product\/97555","targetHints":{"allow":["GET"]}}],"collection":[{"href":"https:\/\/mobecor.ee\/en\/wp-json\/wp\/v2\/product"}],"about":[{"href":"https:\/\/mobecor.ee\/en\/wp-json\/wp\/v2\/types\/product"}],"wp:featuredmedia":[{"embeddable":true,"href":"https:\/\/mobecor.ee\/en\/wp-json\/wp\/v2\/media\/5056"}],"wp:attachment":[{"href":"https:\/\/mobecor.ee\/en\/wp-json\/wp\/v2\/media?parent=97555"}],"wp:term":[{"taxonomy":"series","embeddable":true,"href":"https:\/\/mobecor.ee\/en\/wp-json\/wp\/v2\/series?post=97555"},{"taxonomy":"product_brand","embeddable":true,"href":"https:\/\/mobecor.ee\/en\/wp-json\/wp\/v2\/product_brand?post=97555"},{"taxonomy":"product_cat","embeddable":true,"href":"https:\/\/mobecor.ee\/en\/wp-json\/wp\/v2\/product_cat?post=97555"},{"taxonomy":"product_tag","embeddable":true,"href":"https:\/\/mobecor.ee\/en\/wp-json\/wp\/v2\/product_tag?post=97555"}],"curies":[{"name":"wp","href":"https:\/\/api.w.org\/{rel}","templated":true}]}}