{"id":97604,"date":"2025-12-04T16:28:54","date_gmt":"2025-12-04T14:28:54","guid":{"rendered":"https:\/\/mobecor.ee\/?post_type=product&#038;p=97604"},"modified":"2025-12-08T11:55:32","modified_gmt":"2025-12-08T09:55:32","slug":"npmu-creativa-zm45","status":"publish","type":"product","link":"https:\/\/mobecor.ee\/en\/toode\/npmu-creativa-zm45\/","title":{"rendered":"N\u00f5udepesumasina uks Creativa ZM-45"},"content":{"rendered":"<p>Uks integreeritavale n\u00f5udepesumasinale.<br \/>\nUks paigaldatakse integreeritava n\u00f5udepesumasina k\u00fclge.<br \/>\nMaterjal: lamineeritud m\u00f6\u00f6bliplaat\/PVC (16 mm).<br \/>\nEsipindade v\u00e4rvivalik: l\u00e4ikiv valge; l\u00e4ikiv hall.<br \/>\nK\u00e4epidemed: metallist.<br \/>\nValmistatud: Poolas.<br \/>\nTarnitakse detailidena.<br \/>\n<strong>NB! Sokkel ei kuulu komplekti. V\u00f5imalik juuk juurde tellida\u00a0<a href=\"https:\/\/mobecor.ee\/toode\/sokkel-creativa\/\" target=\"_blank\" rel=\"noopener\">SIIT<\/a>.<\/strong><\/p>\n","protected":false},"excerpt":{"rendered":"<p>Laius: 45 cm.<br \/>\nK\u00f5rgus: 72 cm.<br \/>\nTarneaeg: 4-8 n\u00e4dalat.<\/p>\n","protected":false},"featured_media":97606,"template":"","meta":{"_acf_changed":false,"inline_featured_image":false},"series":[],"product_brand":[2914],"product_cat":[232],"product_tag":[],"class_list":{"0":"post-97604","1":"product","2":"type-product","3":"status-publish","4":"has-post-thumbnail","6":"product_brand-fadome","7":"product_cat-creativa-porandakapid","9":"first","10":"instock","11":"taxable","12":"shipping-taxable","13":"purchasable","14":"product-type-simple"},"acf":[],"_links":{"self":[{"href":"https:\/\/mobecor.ee\/en\/wp-json\/wp\/v2\/product\/97604","targetHints":{"allow":["GET"]}}],"collection":[{"href":"https:\/\/mobecor.ee\/en\/wp-json\/wp\/v2\/product"}],"about":[{"href":"https:\/\/mobecor.ee\/en\/wp-json\/wp\/v2\/types\/product"}],"wp:featuredmedia":[{"embeddable":true,"href":"https:\/\/mobecor.ee\/en\/wp-json\/wp\/v2\/media\/97606"}],"wp:attachment":[{"href":"https:\/\/mobecor.ee\/en\/wp-json\/wp\/v2\/media?parent=97604"}],"wp:term":[{"taxonomy":"series","embeddable":true,"href":"https:\/\/mobecor.ee\/en\/wp-json\/wp\/v2\/series?post=97604"},{"taxonomy":"product_brand","embeddable":true,"href":"https:\/\/mobecor.ee\/en\/wp-json\/wp\/v2\/product_brand?post=97604"},{"taxonomy":"product_cat","embeddable":true,"href":"https:\/\/mobecor.ee\/en\/wp-json\/wp\/v2\/product_cat?post=97604"},{"taxonomy":"product_tag","embeddable":true,"href":"https:\/\/mobecor.ee\/en\/wp-json\/wp\/v2\/product_tag?post=97604"}],"curies":[{"name":"wp","href":"https:\/\/api.w.org\/{rel}","templated":true}]}}