{"id":97725,"date":"2025-12-05T10:39:34","date_gmt":"2025-12-05T08:39:34","guid":{"rendered":"https:\/\/mobecor.ee\/?post_type=product&#038;p=97725"},"modified":"2025-12-09T15:05:53","modified_gmt":"2025-12-09T13:05:53","slug":"cpm-g-ulemine-lisakulg","status":"publish","type":"product","link":"https:\/\/mobecor.ee\/en\/toode\/cpm-g-ulemine-lisakulg\/","title":{"rendered":"CPM-G (\u00fclemine lisak\u00fclg)"},"content":{"rendered":"<p>Kapirea alustamiseks v\u00f5i l\u00f5petamiseks m\u00f5eldud lisak\u00fclg (25 mm).<br \/>\nMaterjal: lamineeritud m\u00f6\u00f6bliplaat.<br \/>\nV\u00e4rvivalik: andersen; artisan, sonoma.<br \/>\nValmistatud: Poolas.<\/p>\n","protected":false},"excerpt":{"rendered":"<p>K\u00f5rgus: 72 cm.<br \/>\nS\u00fcgavus: 32 cm.<br \/>\nTarneaeg: 4-8 n\u00e4dalat.<\/p>\n","protected":false},"featured_media":97735,"template":"","meta":{"_acf_changed":false,"inline_featured_image":false},"series":[],"product_brand":[2914],"product_cat":[233,222],"product_tag":[],"class_list":{"0":"post-97725","1":"product","2":"type-product","3":"status-publish","4":"has-post-thumbnail","6":"product_brand-fadome","7":"product_cat-creativa-seinakapid","8":"product_cat-glamour-porandakapid","10":"first","11":"instock","12":"taxable","13":"shipping-taxable","14":"purchasable","15":"product-type-simple"},"acf":[],"_links":{"self":[{"href":"https:\/\/mobecor.ee\/en\/wp-json\/wp\/v2\/product\/97725","targetHints":{"allow":["GET"]}}],"collection":[{"href":"https:\/\/mobecor.ee\/en\/wp-json\/wp\/v2\/product"}],"about":[{"href":"https:\/\/mobecor.ee\/en\/wp-json\/wp\/v2\/types\/product"}],"wp:featuredmedia":[{"embeddable":true,"href":"https:\/\/mobecor.ee\/en\/wp-json\/wp\/v2\/media\/97735"}],"wp:attachment":[{"href":"https:\/\/mobecor.ee\/en\/wp-json\/wp\/v2\/media?parent=97725"}],"wp:term":[{"taxonomy":"series","embeddable":true,"href":"https:\/\/mobecor.ee\/en\/wp-json\/wp\/v2\/series?post=97725"},{"taxonomy":"product_brand","embeddable":true,"href":"https:\/\/mobecor.ee\/en\/wp-json\/wp\/v2\/product_brand?post=97725"},{"taxonomy":"product_cat","embeddable":true,"href":"https:\/\/mobecor.ee\/en\/wp-json\/wp\/v2\/product_cat?post=97725"},{"taxonomy":"product_tag","embeddable":true,"href":"https:\/\/mobecor.ee\/en\/wp-json\/wp\/v2\/product_tag?post=97725"}],"curies":[{"name":"wp","href":"https:\/\/api.w.org\/{rel}","templated":true}]}}