{"id":98104,"date":"2025-12-05T15:08:47","date_gmt":"2025-12-05T13:08:47","guid":{"rendered":"https:\/\/mobecor.ee\/?post_type=product&#038;p=98104"},"modified":"2025-12-09T08:45:39","modified_gmt":"2025-12-09T06:45:39","slug":"nurgakapp-smart-15d-poorleva-riiuliga","status":"publish","type":"product","link":"https:\/\/mobecor.ee\/en\/toode\/nurgakapp-smart-15d-poorleva-riiuliga\/","title":{"rendered":"P\u00f5randakapp Smart 16D + p\u00f6\u00f6rlev metallist riiul"},"content":{"rendered":"<p>2-uksega nurgakapp. Komplekti kuulub p\u00f6\u00f6rlev metallist riiul.<br \/>\nKapi koos tavalise m\u00f6\u00f6bliplaadist riiuliga leiab <a href=\"https:\/\/mobecor.ee\/toode\/nurgakapp-smart-16d-tavaline-riiul\/\" target=\"_blank\" rel=\"noopener\">SIIT<\/a>.<br \/>\nMaterjal: lamineeritud m\u00f6\u00f6bliplaat (16 mm).<br \/>\nEsipinna v\u00e4rvivalik: matt valge; congo (hall).<br \/>\nKorpuse v\u00e4rvivalik: sonoma; artisan; andersen.<br \/>\nK\u00e4epidemed: metallist.<br \/>\nNB! Uksed ja sahtlid ei ole vaikselt sulguvad.<br \/>\nT\u00f6\u00f6pind (38 mm) ei kuulu komplekti, v\u00f5imalik lisavalikuna juurde osta.<br \/>\nT\u00f6\u00f6pinna saab juurde tellida\u00a0<a href=\"https:\/\/mobecor.ee\/tootekategooria\/koogimoobel\/tootasapinnad\/\" target=\"_blank\" rel=\"noopener\">SIIT<\/a>.<br \/>\nValmistatud: Poolas.<br \/>\nToode tarnitakse detailidena.<br \/>\nNB! Sokkel ei kuulu komplekti ja vajadusel v\u00f5imalik juurde tellida\u00a0<a href=\"https:\/\/mobecor.ee\/toode\/sokkel-creativa\/\" target=\"_blank\" rel=\"noopener\">SIIT<\/a>.<\/p>\n<p>&nbsp;<\/p>\n","protected":false},"excerpt":{"rendered":"<p>Laius: 90 cm.<br \/>\nS\u00fcgavus: 90 cm.<br \/>\nK\u00f5rgus koos jalgadega: 82 cm.<br \/>\nTarneaeg: 4-8 n\u00e4dalat.<\/p>\n","protected":false},"featured_media":9646,"template":"","meta":{"_acf_changed":false,"inline_featured_image":false},"series":[],"product_brand":[2914],"product_cat":[256],"product_tag":[],"class_list":{"0":"post-98104","1":"product","2":"type-product","3":"status-publish","4":"has-post-thumbnail","6":"product_brand-fadome","7":"product_cat-smart-porandakapid","9":"first","10":"instock","11":"taxable","12":"shipping-taxable","13":"purchasable","14":"product-type-simple"},"acf":[],"_links":{"self":[{"href":"https:\/\/mobecor.ee\/en\/wp-json\/wp\/v2\/product\/98104","targetHints":{"allow":["GET"]}}],"collection":[{"href":"https:\/\/mobecor.ee\/en\/wp-json\/wp\/v2\/product"}],"about":[{"href":"https:\/\/mobecor.ee\/en\/wp-json\/wp\/v2\/types\/product"}],"wp:featuredmedia":[{"embeddable":true,"href":"https:\/\/mobecor.ee\/en\/wp-json\/wp\/v2\/media\/9646"}],"wp:attachment":[{"href":"https:\/\/mobecor.ee\/en\/wp-json\/wp\/v2\/media?parent=98104"}],"wp:term":[{"taxonomy":"series","embeddable":true,"href":"https:\/\/mobecor.ee\/en\/wp-json\/wp\/v2\/series?post=98104"},{"taxonomy":"product_brand","embeddable":true,"href":"https:\/\/mobecor.ee\/en\/wp-json\/wp\/v2\/product_brand?post=98104"},{"taxonomy":"product_cat","embeddable":true,"href":"https:\/\/mobecor.ee\/en\/wp-json\/wp\/v2\/product_cat?post=98104"},{"taxonomy":"product_tag","embeddable":true,"href":"https:\/\/mobecor.ee\/en\/wp-json\/wp\/v2\/product_tag?post=98104"}],"curies":[{"name":"wp","href":"https:\/\/api.w.org\/{rel}","templated":true}]}}