{"id":98229,"date":"2025-12-05T16:34:49","date_gmt":"2025-12-05T14:34:49","guid":{"rendered":"https:\/\/mobecor.ee\/?post_type=product&#038;p=98229"},"modified":"2026-04-13T17:57:16","modified_gmt":"2026-04-13T14:57:16","slug":"seinakapp-kammono-f-wo50-29n","status":"publish","type":"product","link":"https:\/\/mobecor.ee\/en\/toode\/seinakapp-kammono-f-wo50-29n\/","title":{"rendered":"Seinakapp Kammono F WO50\/29N"},"content":{"rendered":"<p>1-uksega k\u00f5rgendus\/\u00fclakapp k\u00f5rgetele kappidele.<br \/>\nUks avaneb \u00fcles.<br \/>\nSaadaval 7 erinevat uksedekoori: F4; ; F6; F7; F8; F10; F11; FG2.<br \/>\nEsipaneelid on valmistatud PVC kattega MDF-ist. Esipaneelide paksus on 18 mm (F4; F6; F7; F8; F10; F11) v\u00f5i 19 mm (FG2).<br \/>\nEsipaneelide v\u00e4rvivalik: valge; fiord; grafiit F; granaat; heban F; karamel; kaszmir F; kivihall; m\u00e4nd andersen; morela; morski; p\u00e4hkel F; portselan B; salvei; tamm arlington F.<br \/>\nKorpus: m\u00f6\u00f6bliplaadist (16 mm).<br \/>\n<span lang=\"et-EE\">Korpuse v\u00e4rvivalik: valge; hall; kaszmir B (bee\u017e); cappuccino; must.<br \/>\n<\/span><span lang=\"et-EE\">K\u00e4epidemed: metallist.<br \/>\n<\/span><span lang=\"et-EE\"><strong>NB! F11 profiiliga ustele ei sobi k\u00f5ik k\u00e4epidemed &#8211; pildil on t\u00e4his juures.<\/strong><br \/>\n<\/span>Toodetud: Poolas.<br \/>\nToode tarnitakse detailidena.<\/p>\n","protected":false},"excerpt":{"rendered":"<p>Laius: 50 cm.<br \/>\nS\u00fcgavus: 58 cm.<br \/>\nK\u00f5rgus: 29 cm.<br \/>\nTarneaeg: 4-8 n\u00e4dalat.<\/p>\n","protected":false},"featured_media":12660,"template":"","meta":{"_acf_changed":false,"inline_featured_image":false},"series":[],"product_brand":[2952],"product_cat":[341],"product_tag":[],"class_list":{"0":"post-98229","1":"product","2":"type-product","3":"status-publish","4":"has-post-thumbnail","6":"product_brand-meblekam","7":"product_cat-kammono-f-seinakapid-29-cm","9":"first","10":"instock","11":"taxable","12":"shipping-taxable","13":"purchasable","14":"product-type-variable"},"acf":[],"_links":{"self":[{"href":"https:\/\/mobecor.ee\/en\/wp-json\/wp\/v2\/product\/98229","targetHints":{"allow":["GET"]}}],"collection":[{"href":"https:\/\/mobecor.ee\/en\/wp-json\/wp\/v2\/product"}],"about":[{"href":"https:\/\/mobecor.ee\/en\/wp-json\/wp\/v2\/types\/product"}],"wp:featuredmedia":[{"embeddable":true,"href":"https:\/\/mobecor.ee\/en\/wp-json\/wp\/v2\/media\/12660"}],"wp:attachment":[{"href":"https:\/\/mobecor.ee\/en\/wp-json\/wp\/v2\/media?parent=98229"}],"wp:term":[{"taxonomy":"series","embeddable":true,"href":"https:\/\/mobecor.ee\/en\/wp-json\/wp\/v2\/series?post=98229"},{"taxonomy":"product_brand","embeddable":true,"href":"https:\/\/mobecor.ee\/en\/wp-json\/wp\/v2\/product_brand?post=98229"},{"taxonomy":"product_cat","embeddable":true,"href":"https:\/\/mobecor.ee\/en\/wp-json\/wp\/v2\/product_cat?post=98229"},{"taxonomy":"product_tag","embeddable":true,"href":"https:\/\/mobecor.ee\/en\/wp-json\/wp\/v2\/product_tag?post=98229"}],"curies":[{"name":"wp","href":"https:\/\/api.w.org\/{rel}","templated":true}]}}