{"id":98970,"date":"2025-12-08T14:35:07","date_gmt":"2025-12-08T12:35:07","guid":{"rendered":"https:\/\/mobecor.ee\/?post_type=product&#038;p=98970"},"modified":"2025-12-08T15:27:00","modified_gmt":"2025-12-08T13:27:00","slug":"porandakapp-nurgakapp-econo-eco-25d-parem","status":"publish","type":"product","link":"https:\/\/mobecor.ee\/en\/toode\/porandakapp-nurgakapp-econo-eco-25d-parem\/","title":{"rendered":"P\u00f5randakapp\/nurgakapp Econo ECO-25D (parempoolne)"},"content":{"rendered":"<p>Kapil on 1 uks. Kapp on m\u00f5eldud nurgakapiks (pime nurk). Ukse taga on riiul.<br \/>\nLisavalikuna v\u00f5imalik tellida tavalise riiuli asemel neerukujuline metallist riiul.<br \/>\nMaterjal: lamineeritud m\u00f6\u00f6bliplaat\/PVC (16 mm).<br \/>\nEsipindade v\u00e4rv: San Remo\/valge PVC.<br \/>\nKorpuse v\u00e4rvivalik: andersen; artisan; sonoma.<br \/>\nK\u00e4epide: metallist.<br \/>\nKappide uksed ei ole vaikselt sulguvad.<br \/>\nT\u00f6\u00f6pind ja sokkel ei kuulu komplekti.<br \/>\nSoovi korral v\u00f5imalik tellida t\u00f6\u00f6pind <a href=\"https:\/\/mobecor.ee\/tootekategooria\/koogimoobel\/tootasapinnad\/\" target=\"_blank\" rel=\"noopener\">SIIT<\/a> ja sokkel <a href=\"https:\/\/mobecor.ee\/toode\/sokkel-creativa\/\" target=\"_blank\" rel=\"noopener\">SIIT<\/a><strong>.<\/strong><br \/>\nValmistatud: Poolas.<br \/>\nTarnitakse detailidena.<\/p>\n","protected":false},"excerpt":{"rendered":"<p>Laius: 110 cm.<br \/>\nS\u00fcgavus: 60 cm.<br \/>\nK\u00f5rgus koos jalgadega: 82 cm.<br \/>\nTarneaeg: 4-8 n\u00e4dalat.<\/p>\n","protected":false},"featured_media":9604,"template":"","meta":{"_acf_changed":false,"inline_featured_image":false},"series":[],"product_brand":[2914],"product_cat":[244],"product_tag":[],"class_list":{"0":"post-98970","1":"product","2":"type-product","3":"status-publish","4":"has-post-thumbnail","6":"product_brand-fadome","7":"product_cat-econo-porandakapid","9":"first","10":"instock","11":"taxable","12":"shipping-taxable","13":"purchasable","14":"product-type-variable"},"acf":[],"_links":{"self":[{"href":"https:\/\/mobecor.ee\/en\/wp-json\/wp\/v2\/product\/98970","targetHints":{"allow":["GET"]}}],"collection":[{"href":"https:\/\/mobecor.ee\/en\/wp-json\/wp\/v2\/product"}],"about":[{"href":"https:\/\/mobecor.ee\/en\/wp-json\/wp\/v2\/types\/product"}],"wp:featuredmedia":[{"embeddable":true,"href":"https:\/\/mobecor.ee\/en\/wp-json\/wp\/v2\/media\/9604"}],"wp:attachment":[{"href":"https:\/\/mobecor.ee\/en\/wp-json\/wp\/v2\/media?parent=98970"}],"wp:term":[{"taxonomy":"series","embeddable":true,"href":"https:\/\/mobecor.ee\/en\/wp-json\/wp\/v2\/series?post=98970"},{"taxonomy":"product_brand","embeddable":true,"href":"https:\/\/mobecor.ee\/en\/wp-json\/wp\/v2\/product_brand?post=98970"},{"taxonomy":"product_cat","embeddable":true,"href":"https:\/\/mobecor.ee\/en\/wp-json\/wp\/v2\/product_cat?post=98970"},{"taxonomy":"product_tag","embeddable":true,"href":"https:\/\/mobecor.ee\/en\/wp-json\/wp\/v2\/product_tag?post=98970"}],"curies":[{"name":"wp","href":"https:\/\/api.w.org\/{rel}","templated":true}]}}