{"id":99006,"date":"2025-12-08T15:02:24","date_gmt":"2025-12-08T13:02:24","guid":{"rendered":"https:\/\/mobecor.ee\/?post_type=product&#038;p=99006"},"modified":"2025-12-08T15:26:52","modified_gmt":"2025-12-08T13:26:52","slug":"npmu-econo-zm-60","status":"publish","type":"product","link":"https:\/\/mobecor.ee\/en\/toode\/npmu-econo-zm-60\/","title":{"rendered":"N\u00f5udepesumasina uks Econo ECO-ZM 60"},"content":{"rendered":"<p>Uks integreeritavale n\u00f5udepesumasinale.<br \/>\nUks paigaldatakse integreeritava n\u00f5udepesumasina k\u00fclge.<br \/>\nMaterjal: lamineeritud m\u00f6\u00f6bliplaat\/PVC (16 mm).<br \/>\nEsipindade v\u00e4rv: San Remo\/valge PVC.<br \/>\nK\u00e4epide: metallist.<br \/>\nNB! Pilt on illustratiivne. T\u00f6\u00f6pind ja sokkel ei kuulu komplekti.<br \/>\nSoovi korral v\u00f5imalik tellida t\u00f6\u00f6pind <a href=\"https:\/\/mobecor.ee\/tootekategooria\/koogimoobel\/tootasapinnad\/\" target=\"_blank\" rel=\"noopener\">SIIT<\/a> ja sokkel <a href=\"https:\/\/mobecor.ee\/toode\/sokkel-creativa\/\" target=\"_blank\" rel=\"noopener\">SIIT<\/a><strong>.<\/strong><br \/>\nValmistatud: Poolas.<br \/>\nTarnitakse detailidena.<\/p>\n","protected":false},"excerpt":{"rendered":"<p>Laius: 60 cm.<br \/>\nK\u00f5rgus: 72 cm.<br \/>\nTarneaeg: 4-8 n\u00e4dalat.<\/p>\n","protected":false},"featured_media":5298,"template":"","meta":{"_acf_changed":false,"inline_featured_image":false},"series":[],"product_brand":[2914],"product_cat":[244],"product_tag":[],"class_list":{"0":"post-99006","1":"product","2":"type-product","3":"status-publish","4":"has-post-thumbnail","6":"product_brand-fadome","7":"product_cat-econo-porandakapid","9":"first","10":"instock","11":"taxable","12":"shipping-taxable","13":"purchasable","14":"product-type-simple"},"acf":[],"_links":{"self":[{"href":"https:\/\/mobecor.ee\/en\/wp-json\/wp\/v2\/product\/99006","targetHints":{"allow":["GET"]}}],"collection":[{"href":"https:\/\/mobecor.ee\/en\/wp-json\/wp\/v2\/product"}],"about":[{"href":"https:\/\/mobecor.ee\/en\/wp-json\/wp\/v2\/types\/product"}],"wp:featuredmedia":[{"embeddable":true,"href":"https:\/\/mobecor.ee\/en\/wp-json\/wp\/v2\/media\/5298"}],"wp:attachment":[{"href":"https:\/\/mobecor.ee\/en\/wp-json\/wp\/v2\/media?parent=99006"}],"wp:term":[{"taxonomy":"series","embeddable":true,"href":"https:\/\/mobecor.ee\/en\/wp-json\/wp\/v2\/series?post=99006"},{"taxonomy":"product_brand","embeddable":true,"href":"https:\/\/mobecor.ee\/en\/wp-json\/wp\/v2\/product_brand?post=99006"},{"taxonomy":"product_cat","embeddable":true,"href":"https:\/\/mobecor.ee\/en\/wp-json\/wp\/v2\/product_cat?post=99006"},{"taxonomy":"product_tag","embeddable":true,"href":"https:\/\/mobecor.ee\/en\/wp-json\/wp\/v2\/product_tag?post=99006"}],"curies":[{"name":"wp","href":"https:\/\/api.w.org\/{rel}","templated":true}]}}