{"id":99092,"date":"2025-12-08T15:58:21","date_gmt":"2025-12-08T13:58:21","guid":{"rendered":"https:\/\/mobecor.ee\/?post_type=product&#038;p=99092"},"modified":"2026-04-13T18:14:04","modified_gmt":"2026-04-13T15:14:04","slug":"ohupuhastikapp-kammono-f-wp3-60-1-100-ohupuhasti-p3","status":"publish","type":"product","link":"https:\/\/mobecor.ee\/en\/toode\/ohupuhastikapp-kammono-f-wp3-60-1-100-ohupuhasti-p3\/","title":{"rendered":"\u00d5hupuhastikapp Kammono F WP3 60.1\/100 + \u00f5hupuhasti P3"},"content":{"rendered":"<p><span style=\"font-size: 14px;\">1- uksega \u00f5hupuhastikapp.<br \/>\n<\/span><span style=\"font-size: 14px;\">Komplekti kuulub \u00f5hupuhasti P3C (must) v\u00f5i P3B (valge).<br \/>\n<\/span><span style=\"font-size: 14px;\">Saadaval 7 erinevat uksedekoori: F4; ; F6; F7; F8; F10; F11; FG2.<br \/>\nEsipaneelid on valmistatud PVC kattega MDF-ist. Esipaneelide paksus on 18 mm (F4; F6; F7; F8; F10; F11) v\u00f5i 19 mm (FG2).<br \/>\n<\/span><span style=\"font-size: 14px;\">Esipaneelide v\u00e4rvivalik: valge; fiord; grafiit F; granaat; heban F; karamel; kaszmir F; kivihall; m\u00e4nd andersen; morela; morski; p\u00e4hkel F; portselan B; salvei; tamm arlington F.<br \/>\nKorpus: m\u00f6\u00f6bliplaadist (16 mm).<br \/>\n<\/span><span lang=\"et-EE\" style=\"font-size: 14px;\">Korpuse v\u00e4rvivalik: valge; hall; kaszmir B (bee\u017e); cappuccino; must.<br \/>\n<\/span><span lang=\"et-EE\" style=\"font-size: 14px;\">K\u00e4epidemed: metallist.<br \/>\n<\/span><span lang=\"et-EE\" style=\"font-size: 14px;\"><span style=\"text-decoration: underline;\">NB! F11 profiiliga ustele ei sobi k\u00f5ik k\u00e4epidemed &#8211; pildil on t\u00e4his juures.<br \/>\n<\/span><\/span><span style=\"font-size: 14px;\">Toodetud: Poolas.<br \/>\n<\/span><span style=\"font-size: 14px;\">Toode tarnitakse detailidena.<br \/>\n\u00d5hupuhasti P3: V\u00f5imsus: 610 m\/h.\u00a0Kiirused: 3.\u00a0Valgustus: integreeritud 5W LED-riba<br \/>\nS\u00fcsinikfilter ei kuulu komplekti. V\u00f5imalik juurde osta lisavalikuna.<br \/>\nMinimaalne paigaldusk\u00f5rgus induktsioonpliidi kohal = 50 cm.<\/span><\/p>\n","protected":false},"excerpt":{"rendered":"<p><span style=\"font-size: 14px;\">Laius: 60 cm.<br \/>\nS\u00fcgavus: 32 cm.<br \/>\nK\u00f5rgus: 100 cm.<br \/>\nTarneaeg: 4-8 n\u00e4dalat.<\/span><\/p>\n","protected":false},"featured_media":12678,"template":"","meta":{"_acf_changed":false,"inline_featured_image":false},"series":[],"product_brand":[2952],"product_cat":[315],"product_tag":[],"class_list":{"0":"post-99092","1":"product","2":"type-product","3":"status-publish","4":"has-post-thumbnail","6":"product_brand-meblekam","7":"product_cat-kammono-f-seinakapid","9":"first","10":"instock","11":"taxable","12":"shipping-taxable","13":"purchasable","14":"product-type-variable"},"acf":[],"_links":{"self":[{"href":"https:\/\/mobecor.ee\/en\/wp-json\/wp\/v2\/product\/99092","targetHints":{"allow":["GET"]}}],"collection":[{"href":"https:\/\/mobecor.ee\/en\/wp-json\/wp\/v2\/product"}],"about":[{"href":"https:\/\/mobecor.ee\/en\/wp-json\/wp\/v2\/types\/product"}],"wp:featuredmedia":[{"embeddable":true,"href":"https:\/\/mobecor.ee\/en\/wp-json\/wp\/v2\/media\/12678"}],"wp:attachment":[{"href":"https:\/\/mobecor.ee\/en\/wp-json\/wp\/v2\/media?parent=99092"}],"wp:term":[{"taxonomy":"series","embeddable":true,"href":"https:\/\/mobecor.ee\/en\/wp-json\/wp\/v2\/series?post=99092"},{"taxonomy":"product_brand","embeddable":true,"href":"https:\/\/mobecor.ee\/en\/wp-json\/wp\/v2\/product_brand?post=99092"},{"taxonomy":"product_cat","embeddable":true,"href":"https:\/\/mobecor.ee\/en\/wp-json\/wp\/v2\/product_cat?post=99092"},{"taxonomy":"product_tag","embeddable":true,"href":"https:\/\/mobecor.ee\/en\/wp-json\/wp\/v2\/product_tag?post=99092"}],"curies":[{"name":"wp","href":"https:\/\/api.w.org\/{rel}","templated":true}]}}