{"id":99352,"date":"2025-12-09T11:36:27","date_gmt":"2025-12-09T09:36:27","guid":{"rendered":"https:\/\/mobecor.ee\/?post_type=product&#038;p=99352"},"modified":"2025-12-09T11:55:40","modified_gmt":"2025-12-09T09:55:40","slug":"porandakapp-nurgakapp-glamour-16d-poorleva-riiuliga","status":"publish","type":"product","link":"https:\/\/mobecor.ee\/en\/toode\/porandakapp-nurgakapp-glamour-16d-poorleva-riiuliga\/","title":{"rendered":"P\u00f5randakapp\/nurgakapp Glamour 16D + p\u00f6\u00f6rlev metallist riiul"},"content":{"rendered":"<p>2-uksega nurgakapp. Komplekti kuulub p\u00f6\u00f6rlev metallist riiul.<br \/>\nKapi koos tavalise m\u00f6\u00f6bliplaadist riiuliga leiab\u00a0<a href=\"https:\/\/mobecor.ee\/toode\/porandakapp-nurgakapp-glamour-16d-poorlev-tavalise-riiuliga\/\" target=\"_blank\" rel=\"noopener\">SIIT<\/a>.<br \/>\nMaterjal:\u00a0lamineeritud puitlaastplaat + fooliumkate esipinnal.<br \/>\nEsipinna v\u00e4rvivalik: valge; roheline.<br \/>\nKorpuse v\u00e4rvivalik: andersen; artisan; sonoma.<br \/>\nK\u00e4epidemed: plastikust, v\u00e4rvus: kuldne.<br \/>\nKappide uksed ei ole vaikselt sulguvad.<br \/>\nValmistatud: Poolas.<br \/>\nToode tarnitakse detailidena.<br \/>\nNB! Pilt on illustratiivne, t\u00f6\u00f6pind ja sokkel ei kuulu komplekti. Soovi korral v\u00f5imalik t\u00f6\u00f6pind tellida\u00a0<a href=\"https:\/\/mobecor.ee\/tootekategooria\/koogimoobel\/tootasapinnad\/\" target=\"_blank\" rel=\"noopener\">SIIT<\/a>\u00a0ja sokkel\u00a0<a href=\"https:\/\/mobecor.ee\/toode\/sokkel-creativa\/\" target=\"_blank\" rel=\"noopener\">SIIT<\/a>.<\/p>\n<p><span style=\"font-size: 10pt;\">\u00a0<\/span><\/p>\n","protected":false},"excerpt":{"rendered":"<p>Laius: 90 cm.<br \/>\nS\u00fcgavus: 90 cm.<br \/>\nK\u00f5rgus koos jalgadega: 82 cm.<br \/>\nTarneaeg: 4-8 n\u00e4dalat.<\/p>\n","protected":false},"featured_media":10062,"template":"","meta":{"_acf_changed":false,"inline_featured_image":false},"series":[],"product_brand":[2914],"product_cat":[222],"product_tag":[],"class_list":{"0":"post-99352","1":"product","2":"type-product","3":"status-publish","4":"has-post-thumbnail","6":"product_brand-fadome","7":"product_cat-glamour-porandakapid","9":"first","10":"instock","11":"taxable","12":"shipping-taxable","13":"purchasable","14":"product-type-simple"},"acf":[],"_links":{"self":[{"href":"https:\/\/mobecor.ee\/en\/wp-json\/wp\/v2\/product\/99352","targetHints":{"allow":["GET"]}}],"collection":[{"href":"https:\/\/mobecor.ee\/en\/wp-json\/wp\/v2\/product"}],"about":[{"href":"https:\/\/mobecor.ee\/en\/wp-json\/wp\/v2\/types\/product"}],"wp:featuredmedia":[{"embeddable":true,"href":"https:\/\/mobecor.ee\/en\/wp-json\/wp\/v2\/media\/10062"}],"wp:attachment":[{"href":"https:\/\/mobecor.ee\/en\/wp-json\/wp\/v2\/media?parent=99352"}],"wp:term":[{"taxonomy":"series","embeddable":true,"href":"https:\/\/mobecor.ee\/en\/wp-json\/wp\/v2\/series?post=99352"},{"taxonomy":"product_brand","embeddable":true,"href":"https:\/\/mobecor.ee\/en\/wp-json\/wp\/v2\/product_brand?post=99352"},{"taxonomy":"product_cat","embeddable":true,"href":"https:\/\/mobecor.ee\/en\/wp-json\/wp\/v2\/product_cat?post=99352"},{"taxonomy":"product_tag","embeddable":true,"href":"https:\/\/mobecor.ee\/en\/wp-json\/wp\/v2\/product_tag?post=99352"}],"curies":[{"name":"wp","href":"https:\/\/api.w.org\/{rel}","templated":true}]}}