{"id":99500,"date":"2025-12-09T15:38:49","date_gmt":"2025-12-09T13:38:49","guid":{"rendered":"https:\/\/mobecor.ee\/?post_type=product&#038;p=99500"},"modified":"2026-04-13T07:15:56","modified_gmt":"2026-04-13T04:15:56","slug":"seinakapp-kammono-wwar60-1-71","status":"publish","type":"product","link":"https:\/\/mobecor.ee\/en\/toode\/seinakapp-kammono-wwar60-1-71\/","title":{"rendered":"Seinakapp Kammono WWAR60.1\/71"},"content":{"rendered":"<p>1-uksega seinakapp. Kapi uks on alumiiniumraamiga (21 mm) ja karastatud klaasiga.<br \/>\nV\u00f5imalik valida kahe erineva raami (must matt v\u00f5i kuldne) ja kahe erineva klaasi (v\u00e4rvitu v\u00f5i tume grafiit) vahel:<br \/>\n* GW1 &#8211; alumiiniumraam R1, must matt (061)\/v\u00e4rvitu klaas;<br \/>\n* GW2 &#8211; alumiiniumraam R1, must matt (061)\/tume grafiit klaas;<br \/>\n* GW3 &#8211; alumiiniumraam R1, kuldne (BH8)\/v\u00e4rvitu klaas;<br \/>\n* GW4 &#8211; alumiiniumraam R1, kuldne (BH8)\/tume grafiit klaas.<br \/>\nUkse taga on tugevast karastatud klaasist riiulid.<br \/>\nUksel ei ole k\u00e4epidet &#8211; avaneb peale vajutades.<br \/>\nKorpus: m\u00f6\u00f6bliplaadist (16 mm).<br \/>\n<span lang=\"et-EE\">Korpuse v\u00e4rvivalik: valge; hall; kaszmir B (bee\u017e); cappuccino; must.<br \/>\n<\/span>Toodetud: Poolas.<br \/>\nToode tarnitakse detailidena.<\/p>\n","protected":false},"excerpt":{"rendered":"<p>K\u00f5rgus: 71 cm.<br \/>\nS\u00fcgavus: 32 cm.<br \/>\nLaius: 60 cm.<br \/>\nTarneaeg: 4-8 n\u00e4dalat.<\/p>\n","protected":false},"featured_media":14300,"template":"","meta":{"_acf_changed":false,"inline_featured_image":false},"series":[],"product_brand":[2952],"product_cat":[315,307,310,311,316,319,288],"product_tag":[],"class_list":{"0":"post-99500","1":"product","2":"type-product","3":"status-publish","4":"has-post-thumbnail","6":"product_brand-meblekam","7":"product_cat-kammono-f-seinakapid","8":"product_cat-kammono-l4-seinakapid","9":"product_cat-kammono-kc2-seinakapid","10":"product_cat-kammono-kc4-seinakapid","11":"product_cat-kammono-p4-seinakapid","12":"product_cat-kammono-k2-seinakapid","13":"product_cat-kammono-m4-seinakapid","15":"first","16":"instock","17":"taxable","18":"shipping-taxable","19":"purchasable","20":"product-type-variable"},"acf":[],"_links":{"self":[{"href":"https:\/\/mobecor.ee\/en\/wp-json\/wp\/v2\/product\/99500","targetHints":{"allow":["GET"]}}],"collection":[{"href":"https:\/\/mobecor.ee\/en\/wp-json\/wp\/v2\/product"}],"about":[{"href":"https:\/\/mobecor.ee\/en\/wp-json\/wp\/v2\/types\/product"}],"wp:featuredmedia":[{"embeddable":true,"href":"https:\/\/mobecor.ee\/en\/wp-json\/wp\/v2\/media\/14300"}],"wp:attachment":[{"href":"https:\/\/mobecor.ee\/en\/wp-json\/wp\/v2\/media?parent=99500"}],"wp:term":[{"taxonomy":"series","embeddable":true,"href":"https:\/\/mobecor.ee\/en\/wp-json\/wp\/v2\/series?post=99500"},{"taxonomy":"product_brand","embeddable":true,"href":"https:\/\/mobecor.ee\/en\/wp-json\/wp\/v2\/product_brand?post=99500"},{"taxonomy":"product_cat","embeddable":true,"href":"https:\/\/mobecor.ee\/en\/wp-json\/wp\/v2\/product_cat?post=99500"},{"taxonomy":"product_tag","embeddable":true,"href":"https:\/\/mobecor.ee\/en\/wp-json\/wp\/v2\/product_tag?post=99500"}],"curies":[{"name":"wp","href":"https:\/\/api.w.org\/{rel}","templated":true}]}}