{"id":99832,"date":"2025-12-11T15:33:28","date_gmt":"2025-12-11T13:33:28","guid":{"rendered":"https:\/\/mobecor.ee\/?post_type=product&#038;p=99832"},"modified":"2025-12-11T15:34:25","modified_gmt":"2025-12-11T13:34:25","slug":"seinakapp-florence-w4-45","status":"publish","type":"product","link":"https:\/\/mobecor.ee\/en\/toode\/seinakapp-florence-w4-45\/","title":{"rendered":"Seinakapp Florence W4\/45"},"content":{"rendered":"<p>1-uksega seinakapp.<br \/>\nIlma k\u00e4epidemeteta mudel.<br \/>\nEsipinnad: lamineeritud m\u00f6\u00f6bliplaat + MDF (18 mm). Servad ABS.<br \/>\nEsipinnad: matt v\u00f5i l\u00e4ikiv.<br \/>\n<strong>NB! V\u00e4rvid v\u00f5ivad erineda piltidel ja tegelikkuses. Suuremat v\u00e4rvivalikut n\u00e4eb RAL ja ICA kataloogidest ja Mobecori m\u00f6\u00f6blipoodides kohapeal.<\/strong><br \/>\nKorpus (18 mm): lamineeritud m\u00f6\u00f6bliplaat.<br \/>\nKorpuse v\u00e4rvivalik: White; Grey; Lava; Artisan; Black.<br \/>\nToodetud: Poolas.<br \/>\nToode tarnitakse detailidena.<\/p>\n","protected":false},"excerpt":{"rendered":"<p>Laius: 45 cm.<br \/>\nS\u00fcgavus: 32,5 cm.<br \/>\nK\u00f5rgus : 96 cm.<br \/>\nTarneaeg: 4-12 n\u00e4dalat.<\/p>\n","protected":false},"featured_media":9430,"template":"","meta":{"_acf_changed":false,"inline_featured_image":false},"series":[],"product_brand":[2939],"product_cat":[216],"product_tag":[],"class_list":{"0":"post-99832","1":"product","2":"type-product","3":"status-publish","4":"has-post-thumbnail","6":"product_brand-extom","7":"product_cat-florence-seinakapid","9":"first","10":"instock","11":"taxable","12":"shipping-taxable","13":"purchasable","14":"product-type-variable"},"acf":[],"_links":{"self":[{"href":"https:\/\/mobecor.ee\/en\/wp-json\/wp\/v2\/product\/99832","targetHints":{"allow":["GET"]}}],"collection":[{"href":"https:\/\/mobecor.ee\/en\/wp-json\/wp\/v2\/product"}],"about":[{"href":"https:\/\/mobecor.ee\/en\/wp-json\/wp\/v2\/types\/product"}],"wp:featuredmedia":[{"embeddable":true,"href":"https:\/\/mobecor.ee\/en\/wp-json\/wp\/v2\/media\/9430"}],"wp:attachment":[{"href":"https:\/\/mobecor.ee\/en\/wp-json\/wp\/v2\/media?parent=99832"}],"wp:term":[{"taxonomy":"series","embeddable":true,"href":"https:\/\/mobecor.ee\/en\/wp-json\/wp\/v2\/series?post=99832"},{"taxonomy":"product_brand","embeddable":true,"href":"https:\/\/mobecor.ee\/en\/wp-json\/wp\/v2\/product_brand?post=99832"},{"taxonomy":"product_cat","embeddable":true,"href":"https:\/\/mobecor.ee\/en\/wp-json\/wp\/v2\/product_cat?post=99832"},{"taxonomy":"product_tag","embeddable":true,"href":"https:\/\/mobecor.ee\/en\/wp-json\/wp\/v2\/product_tag?post=99832"}],"curies":[{"name":"wp","href":"https:\/\/api.w.org\/{rel}","templated":true}]}}